{"id":767,"date":"2021-05-03T18:21:43","date_gmt":"2021-05-03T16:21:43","guid":{"rendered":"http:\/\/www.bazoarchitecte.com\/?page_id=767"},"modified":"2021-08-10T18:40:50","modified_gmt":"2021-08-10T16:40:50","slug":"maison-b-69","status":"publish","type":"page","link":"https:\/\/www.bazoarchitecte.com\/index.php\/maison-b-69\/","title":{"rendered":"EXTENSION MAISON"},"content":{"rendered":"\t\t<div data-elementor-type=\"wp-page\" data-elementor-id=\"767\" class=\"elementor elementor-767\">\n\t\t\t\t\t\t\t\t\t<section class=\"elementor-section elementor-top-section elementor-element elementor-element-c8b843a elementor-section-boxed elementor-section-height-default elementor-section-height-default\" data-id=\"c8b843a\" data-element_type=\"section\">\n\t\t\t\t\t\t<div class=\"elementor-container elementor-column-gap-default\">\n\t\t\t\t\t<div class=\"elementor-column elementor-col-100 elementor-top-column elementor-element elementor-element-37db2db\" data-id=\"37db2db\" data-element_type=\"column\">\n\t\t\t<div class=\"elementor-widget-wrap elementor-element-populated\">\n\t\t\t\t\t\t\t\t<section class=\"elementor-section elementor-inner-section elementor-element elementor-element-df9bec4 elementor-section-boxed elementor-section-height-default elementor-section-height-default\" data-id=\"df9bec4\" data-element_type=\"section\">\n\t\t\t\t\t\t<div class=\"elementor-container elementor-column-gap-default\">\n\t\t\t\t\t<div class=\"elementor-column elementor-col-50 elementor-inner-column elementor-element elementor-element-74820d3\" data-id=\"74820d3\" data-element_type=\"column\">\n\t\t\t<div class=\"elementor-widget-wrap elementor-element-populated\">\n\t\t\t\t\t\t\t\t<div class=\"elementor-element elementor-element-ce0cab3 elementor-widget elementor-widget-heading\" data-id=\"ce0cab3\" data-element_type=\"widget\" data-widget_type=\"heading.default\">\n\t\t\t\t<div class=\"elementor-widget-container\">\n\t\t\t<style>\/*! elementor - v3.12.2 - 23-04-2023 *\/\n.elementor-heading-title{padding:0;margin:0;line-height:1}.elementor-widget-heading .elementor-heading-title[class*=elementor-size-]>a{color:inherit;font-size:inherit;line-height:inherit}.elementor-widget-heading .elementor-heading-title.elementor-size-small{font-size:15px}.elementor-widget-heading .elementor-heading-title.elementor-size-medium{font-size:19px}.elementor-widget-heading .elementor-heading-title.elementor-size-large{font-size:29px}.elementor-widget-heading .elementor-heading-title.elementor-size-xl{font-size:39px}.elementor-widget-heading .elementor-heading-title.elementor-size-xxl{font-size:59px}<\/style><h1 class=\"elementor-heading-title elementor-size-default\">Extension maison<\/h1>\t\t<\/div>\n\t\t\t\t<\/div>\n\t\t\t\t<div class=\"elementor-element elementor-element-c77343b elementor-widget elementor-widget-heading\" data-id=\"c77343b\" data-element_type=\"widget\" data-widget_type=\"heading.default\">\n\t\t\t\t<div class=\"elementor-widget-container\">\n\t\t\t<h5 class=\"elementor-heading-title elementor-size-default\">Projet en cours<\/h5>\t\t<\/div>\n\t\t\t\t<\/div>\n\t\t\t\t<div class=\"elementor-element elementor-element-0b3e87f elementor-widget elementor-widget-text-editor\" data-id=\"0b3e87f\" data-element_type=\"widget\" data-widget_type=\"text-editor.default\">\n\t\t\t\t<div class=\"elementor-widget-container\">\n\t\t\t<style>\/*! elementor - v3.12.2 - 23-04-2023 *\/\n.elementor-widget-text-editor.elementor-drop-cap-view-stacked .elementor-drop-cap{background-color:#69727d;color:#fff}.elementor-widget-text-editor.elementor-drop-cap-view-framed .elementor-drop-cap{color:#69727d;border:3px solid;background-color:transparent}.elementor-widget-text-editor:not(.elementor-drop-cap-view-default) .elementor-drop-cap{margin-top:8px}.elementor-widget-text-editor:not(.elementor-drop-cap-view-default) .elementor-drop-cap-letter{width:1em;height:1em}.elementor-widget-text-editor .elementor-drop-cap{float:left;text-align:center;line-height:1;font-size:50px}.elementor-widget-text-editor .elementor-drop-cap-letter{display:inline-block}<\/style>\t\t\t\t<h6>Extension d&#8217;une maison individuelle afin d&#8217;agrandir l&#8217;espace de vie. Le projet se situe dans l&#8217;est lyonnais (69)<\/h6>\t\t\t\t\t\t<\/div>\n\t\t\t\t<\/div>\n\t\t\t\t<div class=\"elementor-element elementor-element-d7e8798 elementor-widget elementor-widget-text-editor\" data-id=\"d7e8798\" data-element_type=\"widget\" data-widget_type=\"text-editor.default\">\n\t\t\t\t<div class=\"elementor-widget-container\">\n\t\t\t\t\t\t\t<h6>L&#8217;extension, d&#8217;un style contemporain avec volumes simples et compacts s&#8217;int\u00e8gre sans d\u00e9toner avec la maison existante, d&#8217;un style plus traditionnel, en employant les m\u00eames mat\u00e9riaux et coloris.<\/h6>\t\t\t\t\t\t<\/div>\n\t\t\t\t<\/div>\n\t\t\t\t<div class=\"elementor-element elementor-element-bd88371 elementor-widget elementor-widget-image\" data-id=\"bd88371\" data-element_type=\"widget\" data-widget_type=\"image.default\">\n\t\t\t\t<div class=\"elementor-widget-container\">\n\t\t\t<style>\/*! elementor - v3.12.2 - 23-04-2023 *\/\n.elementor-widget-image{text-align:center}.elementor-widget-image a{display:inline-block}.elementor-widget-image a img[src$=\".svg\"]{width:48px}.elementor-widget-image img{vertical-align:middle;display:inline-block}<\/style>\t\t\t\t\t\t\t\t\t\t\t\t<img loading=\"lazy\" decoding=\"async\" width=\"1024\" height=\"494\" src=\"https:\/\/www.bazoarchitecte.com\/wp-content\/uploads\/2021\/05\/existant-Bon-1024x494.jpg\" class=\"attachment-large size-large wp-image-808\" alt=\"\" srcset=\"https:\/\/www.bazoarchitecte.com\/wp-content\/uploads\/2021\/05\/existant-Bon-1024x494.jpg 1024w, https:\/\/www.bazoarchitecte.com\/wp-content\/uploads\/2021\/05\/existant-Bon-300x145.jpg 300w, https:\/\/www.bazoarchitecte.com\/wp-content\/uploads\/2021\/05\/existant-Bon-768x370.jpg 768w, https:\/\/www.bazoarchitecte.com\/wp-content\/uploads\/2021\/05\/existant-Bon-1536x741.jpg 1536w, https:\/\/www.bazoarchitecte.com\/wp-content\/uploads\/2021\/05\/existant-Bon-2048x988.jpg 2048w\" sizes=\"auto, (max-width: 1024px) 100vw, 1024px\" \/>\t\t\t\t\t\t\t\t\t\t\t\t\t\t\t<\/div>\n\t\t\t\t<\/div>\n\t\t\t\t\t<\/div>\n\t\t<\/div>\n\t\t\t\t<div class=\"elementor-column elementor-col-50 elementor-inner-column elementor-element elementor-element-a4fc4a1\" data-id=\"a4fc4a1\" data-element_type=\"column\">\n\t\t\t<div class=\"elementor-widget-wrap elementor-element-populated\">\n\t\t\t\t\t\t\t\t<div class=\"elementor-element elementor-element-f501ec4 elementor-widget elementor-widget-image\" data-id=\"f501ec4\" data-element_type=\"widget\" data-widget_type=\"image.default\">\n\t\t\t\t<div class=\"elementor-widget-container\">\n\t\t\t\t\t\t\t\t\t\t\t\t\t\t\t<img loading=\"lazy\" decoding=\"async\" width=\"1024\" height=\"478\" src=\"https:\/\/www.bazoarchitecte.com\/wp-content\/uploads\/2021\/05\/01-1024x478.jpg\" class=\"attachment-large size-large wp-image-806\" alt=\"\" srcset=\"https:\/\/www.bazoarchitecte.com\/wp-content\/uploads\/2021\/05\/01-1024x478.jpg 1024w, https:\/\/www.bazoarchitecte.com\/wp-content\/uploads\/2021\/05\/01-300x140.jpg 300w, https:\/\/www.bazoarchitecte.com\/wp-content\/uploads\/2021\/05\/01-768x359.jpg 768w, https:\/\/www.bazoarchitecte.com\/wp-content\/uploads\/2021\/05\/01-1536x717.jpg 1536w, https:\/\/www.bazoarchitecte.com\/wp-content\/uploads\/2021\/05\/01-2048x956.jpg 2048w\" sizes=\"auto, (max-width: 1024px) 100vw, 1024px\" \/>\t\t\t\t\t\t\t\t\t\t\t\t\t\t\t<\/div>\n\t\t\t\t<\/div>\n\t\t\t\t<div class=\"elementor-element elementor-element-f986bf5 elementor-widget elementor-widget-image\" data-id=\"f986bf5\" data-element_type=\"widget\" data-widget_type=\"image.default\">\n\t\t\t\t<div class=\"elementor-widget-container\">\n\t\t\t\t\t\t\t\t\t\t\t\t\t\t\t<img loading=\"lazy\" decoding=\"async\" width=\"1024\" height=\"478\" src=\"https:\/\/www.bazoarchitecte.com\/wp-content\/uploads\/2021\/05\/02-1024x478.jpg\" class=\"attachment-large size-large wp-image-807\" alt=\"\" srcset=\"https:\/\/www.bazoarchitecte.com\/wp-content\/uploads\/2021\/05\/02-1024x478.jpg 1024w, https:\/\/www.bazoarchitecte.com\/wp-content\/uploads\/2021\/05\/02-300x140.jpg 300w, https:\/\/www.bazoarchitecte.com\/wp-content\/uploads\/2021\/05\/02-768x359.jpg 768w, https:\/\/www.bazoarchitecte.com\/wp-content\/uploads\/2021\/05\/02-1536x717.jpg 1536w, https:\/\/www.bazoarchitecte.com\/wp-content\/uploads\/2021\/05\/02-2048x956.jpg 2048w\" sizes=\"auto, (max-width: 1024px) 100vw, 1024px\" \/>\t\t\t\t\t\t\t\t\t\t\t\t\t\t\t<\/div>\n\t\t\t\t<\/div>\n\t\t\t\t\t<\/div>\n\t\t<\/div>\n\t\t\t\t\t\t\t<\/div>\n\t\t<\/section>\n\t\t\t\t\t<\/div>\n\t\t<\/div>\n\t\t\t\t\t\t\t<\/div>\n\t\t<\/section>\n\t\t\t\t\t\t\t<\/div>\n\t\t","protected":false},"excerpt":{"rendered":"<p>Extension maison Projet en cours Extension d&#8217;une maison individuelle afin d&#8217;agrandir l&#8217;espace de vie. Le projet se situe dans l&#8217;est lyonnais (69) L&#8217;extension, d&#8217;un style contemporain avec volumes simples et compacts s&#8217;int\u00e8gre sans d\u00e9toner avec la maison existante, d&#8217;un style plus traditionnel, en employant les m\u00eames mat\u00e9riaux et coloris.<\/p>\n","protected":false},"author":1,"featured_media":0,"parent":0,"menu_order":0,"comment_status":"closed","ping_status":"closed","template":"","meta":{"footnotes":""},"class_list":["post-767","page","type-page","status-publish","hentry"],"_links":{"self":[{"href":"https:\/\/www.bazoarchitecte.com\/index.php\/wp-json\/wp\/v2\/pages\/767","targetHints":{"allow":["GET"]}}],"collection":[{"href":"https:\/\/www.bazoarchitecte.com\/index.php\/wp-json\/wp\/v2\/pages"}],"about":[{"href":"https:\/\/www.bazoarchitecte.com\/index.php\/wp-json\/wp\/v2\/types\/page"}],"author":[{"embeddable":true,"href":"https:\/\/www.bazoarchitecte.com\/index.php\/wp-json\/wp\/v2\/users\/1"}],"replies":[{"embeddable":true,"href":"https:\/\/www.bazoarchitecte.com\/index.php\/wp-json\/wp\/v2\/comments?post=767"}],"version-history":[{"count":26,"href":"https:\/\/www.bazoarchitecte.com\/index.php\/wp-json\/wp\/v2\/pages\/767\/revisions"}],"predecessor-version":[{"id":1319,"href":"https:\/\/www.bazoarchitecte.com\/index.php\/wp-json\/wp\/v2\/pages\/767\/revisions\/1319"}],"wp:attachment":[{"href":"https:\/\/www.bazoarchitecte.com\/index.php\/wp-json\/wp\/v2\/media?parent=767"}],"curies":[{"name":"wp","href":"https:\/\/api.w.org\/{rel}","templated":true}]}}