{"id":2254,"date":"2026-01-29T19:48:59","date_gmt":"2026-01-29T18:48:59","guid":{"rendered":"https:\/\/www.bazoarchitecte.com\/?page_id=2254"},"modified":"2026-01-29T23:21:36","modified_gmt":"2026-01-29T22:21:36","slug":"puy-saint-vincent","status":"publish","type":"page","link":"https:\/\/www.bazoarchitecte.com\/index.php\/puy-saint-vincent\/","title":{"rendered":"PUY SAINT VINCENT"},"content":{"rendered":"\t\t<div data-elementor-type=\"wp-page\" data-elementor-id=\"2254\" class=\"elementor elementor-2254\">\n\t\t\t\t\t\t\t\t\t<section class=\"elementor-section elementor-top-section elementor-element elementor-element-c8b843a elementor-section-boxed elementor-section-height-default elementor-section-height-default\" data-id=\"c8b843a\" data-element_type=\"section\">\n\t\t\t\t\t\t<div class=\"elementor-container elementor-column-gap-default\">\n\t\t\t\t\t<div class=\"elementor-column elementor-col-100 elementor-top-column elementor-element elementor-element-37db2db\" data-id=\"37db2db\" data-element_type=\"column\">\n\t\t\t<div class=\"elementor-widget-wrap elementor-element-populated\">\n\t\t\t\t\t\t\t\t<section class=\"elementor-section elementor-inner-section elementor-element elementor-element-df9bec4 elementor-section-boxed elementor-section-height-default elementor-section-height-default\" data-id=\"df9bec4\" data-element_type=\"section\">\n\t\t\t\t\t\t<div class=\"elementor-container elementor-column-gap-default\">\n\t\t\t\t\t<div class=\"elementor-column elementor-col-50 elementor-inner-column elementor-element elementor-element-74820d3\" data-id=\"74820d3\" data-element_type=\"column\">\n\t\t\t<div class=\"elementor-widget-wrap elementor-element-populated\">\n\t\t\t\t\t\t\t\t<div class=\"elementor-element elementor-element-ce0cab3 elementor-widget elementor-widget-heading\" data-id=\"ce0cab3\" data-element_type=\"widget\" data-widget_type=\"heading.default\">\n\t\t\t\t<div class=\"elementor-widget-container\">\n\t\t\t<style>\/*! elementor - v3.12.2 - 23-04-2023 *\/\n.elementor-heading-title{padding:0;margin:0;line-height:1}.elementor-widget-heading .elementor-heading-title[class*=elementor-size-]>a{color:inherit;font-size:inherit;line-height:inherit}.elementor-widget-heading .elementor-heading-title.elementor-size-small{font-size:15px}.elementor-widget-heading .elementor-heading-title.elementor-size-medium{font-size:19px}.elementor-widget-heading .elementor-heading-title.elementor-size-large{font-size:29px}.elementor-widget-heading .elementor-heading-title.elementor-size-xl{font-size:39px}.elementor-widget-heading .elementor-heading-title.elementor-size-xxl{font-size:59px}<\/style><h1 class=\"elementor-heading-title elementor-size-default\">R\u00e9novation espace de vente station 1600 Puy Saint Vincent<\/h1>\t\t<\/div>\n\t\t\t\t<\/div>\n\t\t\t\t<div class=\"elementor-element elementor-element-0b3e87f elementor-widget elementor-widget-text-editor\" data-id=\"0b3e87f\" data-element_type=\"widget\" data-widget_type=\"text-editor.default\">\n\t\t\t\t<div class=\"elementor-widget-container\">\n\t\t\t<style>\/*! elementor - v3.12.2 - 23-04-2023 *\/\n.elementor-widget-text-editor.elementor-drop-cap-view-stacked .elementor-drop-cap{background-color:#69727d;color:#fff}.elementor-widget-text-editor.elementor-drop-cap-view-framed .elementor-drop-cap{color:#69727d;border:3px solid;background-color:transparent}.elementor-widget-text-editor:not(.elementor-drop-cap-view-default) .elementor-drop-cap{margin-top:8px}.elementor-widget-text-editor:not(.elementor-drop-cap-view-default) .elementor-drop-cap-letter{width:1em;height:1em}.elementor-widget-text-editor .elementor-drop-cap{float:left;text-align:center;line-height:1;font-size:50px}.elementor-widget-text-editor .elementor-drop-cap-letter{display:inline-block}<\/style>\t\t\t\t<h5>Projet de r\u00e9novation de l&#8217;espace de vente (caisses et guichets) et de l&#8217;espace r\u00e9serv\u00e9 aux salari\u00e9s de la station de ski 1600 \u00e0 Puy Saint Vincent pour le gestionnaire des remont\u00e9es m\u00e9caniques Sem Les Ecrans.<\/h5>\n<h5>Les espaces int\u00e9rieurs sont r\u00e9imagin\u00e9s pour cr\u00e9er une nouvelle atmosph\u00e8re plus accueillante et ergonomique pour les utilisateurs de la station de ski et aussi pour les salari\u00e9s. Le b\u00e2timent a \u00e9t\u00e9 adapt\u00e9 aux normes d&#8217;accesibilit\u00e9.<\/h5>\n<h5>Le parcours client est red\u00e9fini pour leur offrir une vraie exp\u00e9rience avec de nouveaux espaces et services \u00e0 l&#8217;int\u00e9rieur du b\u00e2timent.<\/h5>\n<h5><span style=\"font-size: 1rem; font-weight: 300;\">Tout le mobilier a \u00e9t\u00e9 dessin\u00e9 et fabriqu\u00e9 sur mesure, comme la banque d&#8217;accueil qui s&#8217;inspir\u00e9 du relief des montagnes.<\/span><\/h5>\n<h5><span style=\"font-size: 1rem; font-weight: 300;\">Le projet&nbsp; a \u00e9t\u00e9 r\u00e9alis\u00e9 en collaboration avec Loisirs Equipements et le regroupement LSR Pro Equipements<\/span><\/h5>\t\t\t\t\t\t<\/div>\n\t\t\t\t<\/div>\n\t\t\t\t<div class=\"elementor-element elementor-element-329bf65 elementor-widget elementor-widget-heading\" data-id=\"329bf65\" data-element_type=\"widget\" data-widget_type=\"heading.default\">\n\t\t\t\t<div class=\"elementor-widget-container\">\n\t\t\t<h6 class=\"elementor-heading-title elementor-size-default\">ESPACE DE VENTE EXISTANT<\/h6>\t\t<\/div>\n\t\t\t\t<\/div>\n\t\t\t\t<div class=\"elementor-element elementor-element-bd88371 elementor-widget elementor-widget-image\" data-id=\"bd88371\" data-element_type=\"widget\" data-widget_type=\"image.default\">\n\t\t\t\t<div class=\"elementor-widget-container\">\n\t\t\t<style>\/*! elementor - v3.12.2 - 23-04-2023 *\/\n.elementor-widget-image{text-align:center}.elementor-widget-image a{display:inline-block}.elementor-widget-image a img[src$=\".svg\"]{width:48px}.elementor-widget-image img{vertical-align:middle;display:inline-block}<\/style>\t\t\t\t\t\t\t\t\t<figure class=\"wp-caption\">\n\t\t\t\t\t\t\t\t\t\t<img loading=\"lazy\" decoding=\"async\" width=\"1024\" height=\"668\" src=\"https:\/\/www.bazoarchitecte.com\/wp-content\/uploads\/2026\/01\/20240521_155128-NB-1024x668.jpg\" class=\"attachment-large size-large wp-image-2260\" alt=\"\" srcset=\"https:\/\/www.bazoarchitecte.com\/wp-content\/uploads\/2026\/01\/20240521_155128-NB-1024x668.jpg 1024w, https:\/\/www.bazoarchitecte.com\/wp-content\/uploads\/2026\/01\/20240521_155128-NB-300x196.jpg 300w, https:\/\/www.bazoarchitecte.com\/wp-content\/uploads\/2026\/01\/20240521_155128-NB-768x501.jpg 768w, https:\/\/www.bazoarchitecte.com\/wp-content\/uploads\/2026\/01\/20240521_155128-NB-1536x1003.jpg 1536w, https:\/\/www.bazoarchitecte.com\/wp-content\/uploads\/2026\/01\/20240521_155128-NB-2048x1337.jpg 2048w\" sizes=\"auto, (max-width: 1024px) 100vw, 1024px\" \/>\t\t\t\t\t\t\t\t\t\t\t<figcaption class=\"widget-image-caption wp-caption-text\"><\/figcaption>\n\t\t\t\t\t\t\t\t\t\t<\/figure>\n\t\t\t\t\t\t\t\t\t<\/div>\n\t\t\t\t<\/div>\n\t\t\t\t<div class=\"elementor-element elementor-element-91eb8db elementor-widget elementor-widget-image\" data-id=\"91eb8db\" data-element_type=\"widget\" data-widget_type=\"image.default\">\n\t\t\t\t<div class=\"elementor-widget-container\">\n\t\t\t\t\t\t\t\t\t\t\t\t<figure class=\"wp-caption\">\n\t\t\t\t\t\t\t\t\t\t<img loading=\"lazy\" decoding=\"async\" width=\"1024\" height=\"662\" src=\"https:\/\/www.bazoarchitecte.com\/wp-content\/uploads\/2026\/01\/20240521_151529-NB-1024x662.jpg\" class=\"attachment-large size-large wp-image-2259\" alt=\"\" srcset=\"https:\/\/www.bazoarchitecte.com\/wp-content\/uploads\/2026\/01\/20240521_151529-NB-1024x662.jpg 1024w, https:\/\/www.bazoarchitecte.com\/wp-content\/uploads\/2026\/01\/20240521_151529-NB-300x194.jpg 300w, https:\/\/www.bazoarchitecte.com\/wp-content\/uploads\/2026\/01\/20240521_151529-NB-768x496.jpg 768w, https:\/\/www.bazoarchitecte.com\/wp-content\/uploads\/2026\/01\/20240521_151529-NB-1536x992.jpg 1536w, https:\/\/www.bazoarchitecte.com\/wp-content\/uploads\/2026\/01\/20240521_151529-NB-2048x1323.jpg 2048w\" sizes=\"auto, (max-width: 1024px) 100vw, 1024px\" \/>\t\t\t\t\t\t\t\t\t\t\t<figcaption class=\"widget-image-caption wp-caption-text\"><\/figcaption>\n\t\t\t\t\t\t\t\t\t\t<\/figure>\n\t\t\t\t\t\t\t\t\t<\/div>\n\t\t\t\t<\/div>\n\t\t\t\t<div class=\"elementor-element elementor-element-0fc6d8f elementor-widget elementor-widget-heading\" data-id=\"0fc6d8f\" data-element_type=\"widget\" data-widget_type=\"heading.default\">\n\t\t\t\t<div class=\"elementor-widget-container\">\n\t\t\t<h6 class=\"elementor-heading-title elementor-size-default\">PLAN EXISTANT<\/h6>\t\t<\/div>\n\t\t\t\t<\/div>\n\t\t\t\t<div class=\"elementor-element elementor-element-ee21de1 elementor-widget elementor-widget-image\" data-id=\"ee21de1\" data-element_type=\"widget\" data-widget_type=\"image.default\">\n\t\t\t\t<div class=\"elementor-widget-container\">\n\t\t\t\t\t\t\t\t\t\t\t\t<figure class=\"wp-caption\">\n\t\t\t\t\t\t\t\t\t\t\t<a href=\"http:\/\/www.bazoarchitecte.com\/wp-content\/uploads\/2026\/01\/RDC-EXISTANT-scaled.jpg\" data-elementor-open-lightbox=\"yes\" data-e-action-hash=\"#elementor-action%3Aaction%3Dlightbox%26settings%3DeyJpZCI6MjI2MiwidXJsIjoiaHR0cHM6XC9cL3d3dy5iYXpvYXJjaGl0ZWN0ZS5jb21cL3dwLWNvbnRlbnRcL3VwbG9hZHNcLzIwMjZcLzAxXC9SREMtRVhJU1RBTlQtc2NhbGVkLmpwZyJ9\">\n\t\t\t\t\t\t\t<img loading=\"lazy\" decoding=\"async\" width=\"1024\" height=\"675\" src=\"https:\/\/www.bazoarchitecte.com\/wp-content\/uploads\/2026\/01\/RDC-EXISTANT-1024x675.jpg\" class=\"attachment-large size-large wp-image-2262\" alt=\"\" srcset=\"https:\/\/www.bazoarchitecte.com\/wp-content\/uploads\/2026\/01\/RDC-EXISTANT-1024x675.jpg 1024w, https:\/\/www.bazoarchitecte.com\/wp-content\/uploads\/2026\/01\/RDC-EXISTANT-300x198.jpg 300w, https:\/\/www.bazoarchitecte.com\/wp-content\/uploads\/2026\/01\/RDC-EXISTANT-768x506.jpg 768w, https:\/\/www.bazoarchitecte.com\/wp-content\/uploads\/2026\/01\/RDC-EXISTANT-1536x1012.jpg 1536w, https:\/\/www.bazoarchitecte.com\/wp-content\/uploads\/2026\/01\/RDC-EXISTANT-2048x1350.jpg 2048w\" sizes=\"auto, (max-width: 1024px) 100vw, 1024px\" \/>\t\t\t\t\t\t\t\t<\/a>\n\t\t\t\t\t\t\t\t\t\t\t<figcaption class=\"widget-image-caption wp-caption-text\"><\/figcaption>\n\t\t\t\t\t\t\t\t\t\t<\/figure>\n\t\t\t\t\t\t\t\t\t<\/div>\n\t\t\t\t<\/div>\n\t\t\t\t<div class=\"elementor-element elementor-element-36f92fc elementor-widget elementor-widget-heading\" data-id=\"36f92fc\" data-element_type=\"widget\" data-widget_type=\"heading.default\">\n\t\t\t\t<div class=\"elementor-widget-container\">\n\t\t\t<h6 class=\"elementor-heading-title elementor-size-default\">PLAN PROJET<\/h6>\t\t<\/div>\n\t\t\t\t<\/div>\n\t\t\t\t<div class=\"elementor-element elementor-element-ee02a31 elementor-widget elementor-widget-image\" data-id=\"ee02a31\" data-element_type=\"widget\" data-widget_type=\"image.default\">\n\t\t\t\t<div class=\"elementor-widget-container\">\n\t\t\t\t\t\t\t\t\t\t\t\t<figure class=\"wp-caption\">\n\t\t\t\t\t\t\t\t\t\t\t<a href=\"http:\/\/www.bazoarchitecte.com\/wp-content\/uploads\/2026\/01\/RDC-PROJET-scaled.jpg\" data-elementor-open-lightbox=\"yes\" data-elementor-lightbox-title=\"A.28 WEB _ Plano\" data-e-action-hash=\"#elementor-action%3Aaction%3Dlightbox%26settings%3DeyJpZCI6MjI2MywidXJsIjoiaHR0cHM6XC9cL3d3dy5iYXpvYXJjaGl0ZWN0ZS5jb21cL3dwLWNvbnRlbnRcL3VwbG9hZHNcLzIwMjZcLzAxXC9SREMtUFJPSkVULXNjYWxlZC5qcGcifQ%3D%3D\">\n\t\t\t\t\t\t\t<img loading=\"lazy\" decoding=\"async\" width=\"1024\" height=\"675\" src=\"https:\/\/www.bazoarchitecte.com\/wp-content\/uploads\/2026\/01\/RDC-PROJET-1024x675.jpg\" class=\"attachment-large size-large wp-image-2263\" alt=\"\" srcset=\"https:\/\/www.bazoarchitecte.com\/wp-content\/uploads\/2026\/01\/RDC-PROJET-1024x675.jpg 1024w, https:\/\/www.bazoarchitecte.com\/wp-content\/uploads\/2026\/01\/RDC-PROJET-300x198.jpg 300w, https:\/\/www.bazoarchitecte.com\/wp-content\/uploads\/2026\/01\/RDC-PROJET-768x506.jpg 768w, https:\/\/www.bazoarchitecte.com\/wp-content\/uploads\/2026\/01\/RDC-PROJET-1536x1012.jpg 1536w, https:\/\/www.bazoarchitecte.com\/wp-content\/uploads\/2026\/01\/RDC-PROJET-2048x1350.jpg 2048w\" sizes=\"auto, (max-width: 1024px) 100vw, 1024px\" \/>\t\t\t\t\t\t\t\t<\/a>\n\t\t\t\t\t\t\t\t\t\t\t<figcaption class=\"widget-image-caption wp-caption-text\"><\/figcaption>\n\t\t\t\t\t\t\t\t\t\t<\/figure>\n\t\t\t\t\t\t\t\t\t<\/div>\n\t\t\t\t<\/div>\n\t\t\t\t<div class=\"elementor-element elementor-element-1e57b31 elementor-widget elementor-widget-image\" data-id=\"1e57b31\" data-element_type=\"widget\" data-widget_type=\"image.default\">\n\t\t\t\t<div class=\"elementor-widget-container\">\n\t\t\t\t\t\t\t\t\t\t\t\t<figure class=\"wp-caption\">\n\t\t\t\t\t\t\t\t\t\t\t<a href=\"http:\/\/www.bazoarchitecte.com\/wp-content\/uploads\/2026\/01\/DETAILS-scaled.jpg\" data-elementor-open-lightbox=\"yes\" data-elementor-lightbox-title=\"APS 06 DETAIL 02 BANQUE D&#039;ACCUEIL - GUICHETS _ Plano\" data-e-action-hash=\"#elementor-action%3Aaction%3Dlightbox%26settings%3DeyJpZCI6MjI2MSwidXJsIjoiaHR0cHM6XC9cL3d3dy5iYXpvYXJjaGl0ZWN0ZS5jb21cL3dwLWNvbnRlbnRcL3VwbG9hZHNcLzIwMjZcLzAxXC9ERVRBSUxTLXNjYWxlZC5qcGcifQ%3D%3D\">\n\t\t\t\t\t\t\t<img loading=\"lazy\" decoding=\"async\" width=\"770\" height=\"1024\" src=\"https:\/\/www.bazoarchitecte.com\/wp-content\/uploads\/2026\/01\/DETAILS-770x1024.jpg\" class=\"attachment-large size-large wp-image-2261\" alt=\"\" srcset=\"https:\/\/www.bazoarchitecte.com\/wp-content\/uploads\/2026\/01\/DETAILS-770x1024.jpg 770w, https:\/\/www.bazoarchitecte.com\/wp-content\/uploads\/2026\/01\/DETAILS-226x300.jpg 226w, https:\/\/www.bazoarchitecte.com\/wp-content\/uploads\/2026\/01\/DETAILS-768x1021.jpg 768w, https:\/\/www.bazoarchitecte.com\/wp-content\/uploads\/2026\/01\/DETAILS-1156x1536.jpg 1156w, https:\/\/www.bazoarchitecte.com\/wp-content\/uploads\/2026\/01\/DETAILS-1541x2048.jpg 1541w, https:\/\/www.bazoarchitecte.com\/wp-content\/uploads\/2026\/01\/DETAILS-scaled.jpg 1926w\" sizes=\"auto, (max-width: 770px) 100vw, 770px\" \/>\t\t\t\t\t\t\t\t<\/a>\n\t\t\t\t\t\t\t\t\t\t\t<figcaption class=\"widget-image-caption wp-caption-text\"><\/figcaption>\n\t\t\t\t\t\t\t\t\t\t<\/figure>\n\t\t\t\t\t\t\t\t\t<\/div>\n\t\t\t\t<\/div>\n\t\t\t\t\t<\/div>\n\t\t<\/div>\n\t\t\t\t<div class=\"elementor-column elementor-col-50 elementor-inner-column elementor-element elementor-element-a4fc4a1\" data-id=\"a4fc4a1\" data-element_type=\"column\">\n\t\t\t<div class=\"elementor-widget-wrap elementor-element-populated\">\n\t\t\t\t\t\t\t\t<div class=\"elementor-element elementor-element-f501ec4 elementor-widget elementor-widget-image\" data-id=\"f501ec4\" data-element_type=\"widget\" data-widget_type=\"image.default\">\n\t\t\t\t<div class=\"elementor-widget-container\">\n\t\t\t\t\t\t\t\t\t\t\t\t\t\t\t<img loading=\"lazy\" decoding=\"async\" width=\"937\" height=\"1024\" src=\"https:\/\/www.bazoarchitecte.com\/wp-content\/uploads\/2026\/01\/02-2-937x1024.jpg\" class=\"attachment-large size-large wp-image-2257\" alt=\"\" srcset=\"https:\/\/www.bazoarchitecte.com\/wp-content\/uploads\/2026\/01\/02-2-937x1024.jpg 937w, https:\/\/www.bazoarchitecte.com\/wp-content\/uploads\/2026\/01\/02-2-274x300.jpg 274w, https:\/\/www.bazoarchitecte.com\/wp-content\/uploads\/2026\/01\/02-2-768x839.jpg 768w, https:\/\/www.bazoarchitecte.com\/wp-content\/uploads\/2026\/01\/02-2-1405x1536.jpg 1405w, https:\/\/www.bazoarchitecte.com\/wp-content\/uploads\/2026\/01\/02-2-1874x2048.jpg 1874w\" sizes=\"auto, (max-width: 937px) 100vw, 937px\" \/>\t\t\t\t\t\t\t\t\t\t\t\t\t\t\t<\/div>\n\t\t\t\t<\/div>\n\t\t\t\t<div class=\"elementor-element elementor-element-f986bf5 elementor-widget elementor-widget-image\" data-id=\"f986bf5\" data-element_type=\"widget\" data-widget_type=\"image.default\">\n\t\t\t\t<div class=\"elementor-widget-container\">\n\t\t\t\t\t\t\t\t\t\t\t\t\t\t\t<img loading=\"lazy\" decoding=\"async\" width=\"937\" height=\"1024\" src=\"https:\/\/www.bazoarchitecte.com\/wp-content\/uploads\/2026\/01\/03-2-937x1024.jpg\" class=\"attachment-large size-large wp-image-2258\" alt=\"\" srcset=\"https:\/\/www.bazoarchitecte.com\/wp-content\/uploads\/2026\/01\/03-2-937x1024.jpg 937w, https:\/\/www.bazoarchitecte.com\/wp-content\/uploads\/2026\/01\/03-2-274x300.jpg 274w, https:\/\/www.bazoarchitecte.com\/wp-content\/uploads\/2026\/01\/03-2-768x839.jpg 768w, https:\/\/www.bazoarchitecte.com\/wp-content\/uploads\/2026\/01\/03-2-1405x1536.jpg 1405w, https:\/\/www.bazoarchitecte.com\/wp-content\/uploads\/2026\/01\/03-2-1874x2048.jpg 1874w\" sizes=\"auto, (max-width: 937px) 100vw, 937px\" \/>\t\t\t\t\t\t\t\t\t\t\t\t\t\t\t<\/div>\n\t\t\t\t<\/div>\n\t\t\t\t<div class=\"elementor-element elementor-element-ee3006c elementor-widget elementor-widget-image\" data-id=\"ee3006c\" data-element_type=\"widget\" data-widget_type=\"image.default\">\n\t\t\t\t<div class=\"elementor-widget-container\">\n\t\t\t\t\t\t\t\t\t\t\t\t\t\t\t<img loading=\"lazy\" decoding=\"async\" width=\"768\" height=\"1024\" src=\"https:\/\/www.bazoarchitecte.com\/wp-content\/uploads\/2026\/01\/01-2-768x1024.jpg\" class=\"attachment-large size-large wp-image-2256\" alt=\"\" srcset=\"https:\/\/www.bazoarchitecte.com\/wp-content\/uploads\/2026\/01\/01-2-768x1024.jpg 768w, https:\/\/www.bazoarchitecte.com\/wp-content\/uploads\/2026\/01\/01-2-225x300.jpg 225w, https:\/\/www.bazoarchitecte.com\/wp-content\/uploads\/2026\/01\/01-2-1152x1536.jpg 1152w, https:\/\/www.bazoarchitecte.com\/wp-content\/uploads\/2026\/01\/01-2-1536x2048.jpg 1536w, https:\/\/www.bazoarchitecte.com\/wp-content\/uploads\/2026\/01\/01-2-scaled.jpg 1920w\" sizes=\"auto, (max-width: 768px) 100vw, 768px\" \/>\t\t\t\t\t\t\t\t\t\t\t\t\t\t\t<\/div>\n\t\t\t\t<\/div>\n\t\t\t\t\t<\/div>\n\t\t<\/div>\n\t\t\t\t\t\t\t<\/div>\n\t\t<\/section>\n\t\t\t\t\t<\/div>\n\t\t<\/div>\n\t\t\t\t\t\t\t<\/div>\n\t\t<\/section>\n\t\t\t\t\t\t\t<\/div>\n\t\t","protected":false},"excerpt":{"rendered":"<p>R\u00e9novation espace de vente station 1600 Puy Saint Vincent Projet de r\u00e9novation de l&#8217;espace de vente (caisses et guichets) et de l&#8217;espace r\u00e9serv\u00e9 aux salari\u00e9s de la station de ski 1600 \u00e0 Puy Saint Vincent pour le gestionnaire des remont\u00e9es m\u00e9caniques Sem Les Ecrans. Les espaces int\u00e9rieurs sont r\u00e9imagin\u00e9s pour cr\u00e9er une nouvelle atmosph\u00e8re plus &hellip;<\/p>\n<p class=\"read-more\"> <a class=\"\" href=\"https:\/\/www.bazoarchitecte.com\/index.php\/puy-saint-vincent\/\"> <span class=\"screen-reader-text\">PUY SAINT VINCENT<\/span> Read More &raquo;<\/a><\/p>\n","protected":false},"author":1,"featured_media":0,"parent":0,"menu_order":0,"comment_status":"closed","ping_status":"closed","template":"","meta":{"footnotes":""},"class_list":["post-2254","page","type-page","status-publish","hentry"],"_links":{"self":[{"href":"https:\/\/www.bazoarchitecte.com\/index.php\/wp-json\/wp\/v2\/pages\/2254","targetHints":{"allow":["GET"]}}],"collection":[{"href":"https:\/\/www.bazoarchitecte.com\/index.php\/wp-json\/wp\/v2\/pages"}],"about":[{"href":"https:\/\/www.bazoarchitecte.com\/index.php\/wp-json\/wp\/v2\/types\/page"}],"author":[{"embeddable":true,"href":"https:\/\/www.bazoarchitecte.com\/index.php\/wp-json\/wp\/v2\/users\/1"}],"replies":[{"embeddable":true,"href":"https:\/\/www.bazoarchitecte.com\/index.php\/wp-json\/wp\/v2\/comments?post=2254"}],"version-history":[{"count":22,"href":"https:\/\/www.bazoarchitecte.com\/index.php\/wp-json\/wp\/v2\/pages\/2254\/revisions"}],"predecessor-version":[{"id":2301,"href":"https:\/\/www.bazoarchitecte.com\/index.php\/wp-json\/wp\/v2\/pages\/2254\/revisions\/2301"}],"wp:attachment":[{"href":"https:\/\/www.bazoarchitecte.com\/index.php\/wp-json\/wp\/v2\/media?parent=2254"}],"curies":[{"name":"wp","href":"https:\/\/api.w.org\/{rel}","templated":true}]}}