{"id":2176,"date":"2026-01-27T23:58:16","date_gmt":"2026-01-27T22:58:16","guid":{"rendered":"https:\/\/www.bazoarchitecte.com\/?page_id=2176"},"modified":"2026-01-28T01:00:43","modified_gmt":"2026-01-28T00:00:43","slug":"morellon","status":"publish","type":"page","link":"https:\/\/www.bazoarchitecte.com\/index.php\/morellon\/","title":{"rendered":"MORELLON"},"content":{"rendered":"\t\t<div data-elementor-type=\"wp-page\" data-elementor-id=\"2176\" class=\"elementor elementor-2176\">\n\t\t\t\t\t\t\t\t\t<section class=\"elementor-section elementor-top-section elementor-element elementor-element-c8b843a elementor-section-boxed elementor-section-height-default elementor-section-height-default\" data-id=\"c8b843a\" data-element_type=\"section\">\n\t\t\t\t\t\t<div class=\"elementor-container elementor-column-gap-default\">\n\t\t\t\t\t<div class=\"elementor-column elementor-col-100 elementor-top-column elementor-element elementor-element-37db2db\" data-id=\"37db2db\" data-element_type=\"column\">\n\t\t\t<div class=\"elementor-widget-wrap elementor-element-populated\">\n\t\t\t\t\t\t\t\t<section class=\"elementor-section elementor-inner-section elementor-element elementor-element-df9bec4 elementor-section-boxed elementor-section-height-default elementor-section-height-default\" data-id=\"df9bec4\" data-element_type=\"section\">\n\t\t\t\t\t\t<div class=\"elementor-container elementor-column-gap-default\">\n\t\t\t\t\t<div class=\"elementor-column elementor-col-50 elementor-inner-column elementor-element elementor-element-74820d3\" data-id=\"74820d3\" data-element_type=\"column\">\n\t\t\t<div class=\"elementor-widget-wrap elementor-element-populated\">\n\t\t\t\t\t\t\t\t<div class=\"elementor-element elementor-element-ce0cab3 elementor-widget elementor-widget-heading\" data-id=\"ce0cab3\" data-element_type=\"widget\" data-widget_type=\"heading.default\">\n\t\t\t\t<div class=\"elementor-widget-container\">\n\t\t\t<style>\/*! elementor - v3.12.2 - 23-04-2023 *\/\n.elementor-heading-title{padding:0;margin:0;line-height:1}.elementor-widget-heading .elementor-heading-title[class*=elementor-size-]>a{color:inherit;font-size:inherit;line-height:inherit}.elementor-widget-heading .elementor-heading-title.elementor-size-small{font-size:15px}.elementor-widget-heading .elementor-heading-title.elementor-size-medium{font-size:19px}.elementor-widget-heading .elementor-heading-title.elementor-size-large{font-size:29px}.elementor-widget-heading .elementor-heading-title.elementor-size-xl{font-size:39px}.elementor-widget-heading .elementor-heading-title.elementor-size-xxl{font-size:59px}<\/style><h1 class=\"elementor-heading-title elementor-size-default\">Extension blanchisserie<br>Morellon<\/h1>\t\t<\/div>\n\t\t\t\t<\/div>\n\t\t\t\t<div class=\"elementor-element elementor-element-0b3e87f elementor-widget elementor-widget-text-editor\" data-id=\"0b3e87f\" data-element_type=\"widget\" data-widget_type=\"text-editor.default\">\n\t\t\t\t<div class=\"elementor-widget-container\">\n\t\t\t<style>\/*! elementor - v3.12.2 - 23-04-2023 *\/\n.elementor-widget-text-editor.elementor-drop-cap-view-stacked .elementor-drop-cap{background-color:#69727d;color:#fff}.elementor-widget-text-editor.elementor-drop-cap-view-framed .elementor-drop-cap{color:#69727d;border:3px solid;background-color:transparent}.elementor-widget-text-editor:not(.elementor-drop-cap-view-default) .elementor-drop-cap{margin-top:8px}.elementor-widget-text-editor:not(.elementor-drop-cap-view-default) .elementor-drop-cap-letter{width:1em;height:1em}.elementor-widget-text-editor .elementor-drop-cap{float:left;text-align:center;line-height:1;font-size:50px}.elementor-widget-text-editor .elementor-drop-cap-letter{display:inline-block}<\/style>\t\t\t\t<h5><span lang=\"FR\" style=\"font-family: 'Arial','sans-serif'; mso-ansi-language: FR;\">Extension de la Blanchisserie Morellon \u00e0 Lentilly<\/span><\/h5><h5>Construction de 2.700m\u00b2 d&#8217;extension<\/h5><h5><span style=\"font-size: 15px; font-family: Arial, 'sans-serif';\">Le projet d&#8217;extension et r\u00e9novation permettre donner une nouvelle image \u00e0 l&#8217;ensemble du b\u00e2timent en supprimant les bungalows et les tentes existantes dans la parcelle.<\/span><\/h5>\t\t\t\t\t\t<\/div>\n\t\t\t\t<\/div>\n\t\t\t\t<div class=\"elementor-element elementor-element-329bf65 elementor-widget elementor-widget-heading\" data-id=\"329bf65\" data-element_type=\"widget\" data-widget_type=\"heading.default\">\n\t\t\t\t<div class=\"elementor-widget-container\">\n\t\t\t<h6 class=\"elementor-heading-title elementor-size-default\">EXISTANT - AVANT TRAVAUX<br><br><\/h6>\t\t<\/div>\n\t\t\t\t<\/div>\n\t\t\t\t<div class=\"elementor-element elementor-element-bd88371 elementor-widget elementor-widget-image\" data-id=\"bd88371\" data-element_type=\"widget\" data-widget_type=\"image.default\">\n\t\t\t\t<div class=\"elementor-widget-container\">\n\t\t\t<style>\/*! elementor - v3.12.2 - 23-04-2023 *\/\n.elementor-widget-image{text-align:center}.elementor-widget-image a{display:inline-block}.elementor-widget-image a img[src$=\".svg\"]{width:48px}.elementor-widget-image img{vertical-align:middle;display:inline-block}<\/style>\t\t\t\t\t\t\t\t\t<figure class=\"wp-caption\">\n\t\t\t\t\t\t\t\t\t\t\t<a href=\"http:\/\/www.bazoarchitecte.com\/wp-content\/uploads\/2026\/01\/Panorama-sans-titre-1-scaled.jpg\" data-elementor-open-lightbox=\"yes\" data-e-action-hash=\"#elementor-action%3Aaction%3Dlightbox%26settings%3DeyJpZCI6MjE4MSwidXJsIjoiaHR0cHM6XC9cL3d3dy5iYXpvYXJjaGl0ZWN0ZS5jb21cL3dwLWNvbnRlbnRcL3VwbG9hZHNcLzIwMjZcLzAxXC9QYW5vcmFtYS1zYW5zLXRpdHJlLTEtc2NhbGVkLmpwZyJ9\">\n\t\t\t\t\t\t\t<img loading=\"lazy\" decoding=\"async\" width=\"1024\" height=\"421\" src=\"https:\/\/www.bazoarchitecte.com\/wp-content\/uploads\/2026\/01\/Panorama-sans-titre-1-1024x421.jpg\" class=\"attachment-large size-large wp-image-2181\" alt=\"\" srcset=\"https:\/\/www.bazoarchitecte.com\/wp-content\/uploads\/2026\/01\/Panorama-sans-titre-1-1024x421.jpg 1024w, https:\/\/www.bazoarchitecte.com\/wp-content\/uploads\/2026\/01\/Panorama-sans-titre-1-300x123.jpg 300w, https:\/\/www.bazoarchitecte.com\/wp-content\/uploads\/2026\/01\/Panorama-sans-titre-1-768x316.jpg 768w, https:\/\/www.bazoarchitecte.com\/wp-content\/uploads\/2026\/01\/Panorama-sans-titre-1-1536x631.jpg 1536w, https:\/\/www.bazoarchitecte.com\/wp-content\/uploads\/2026\/01\/Panorama-sans-titre-1-2048x842.jpg 2048w\" sizes=\"auto, (max-width: 1024px) 100vw, 1024px\" \/>\t\t\t\t\t\t\t\t<\/a>\n\t\t\t\t\t\t\t\t\t\t\t<figcaption class=\"widget-image-caption wp-caption-text\"><\/figcaption>\n\t\t\t\t\t\t\t\t\t\t<\/figure>\n\t\t\t\t\t\t\t\t\t<\/div>\n\t\t\t\t<\/div>\n\t\t\t\t<div class=\"elementor-element elementor-element-71040a1 elementor-widget elementor-widget-image\" data-id=\"71040a1\" data-element_type=\"widget\" data-widget_type=\"image.default\">\n\t\t\t\t<div class=\"elementor-widget-container\">\n\t\t\t\t\t\t\t\t\t\t\t\t<figure class=\"wp-caption\">\n\t\t\t\t\t\t\t\t\t\t\t<a href=\"http:\/\/www.bazoarchitecte.com\/wp-content\/uploads\/2026\/01\/Panorama-sans-titre-2-scaled.jpg\" data-elementor-open-lightbox=\"yes\" data-e-action-hash=\"#elementor-action%3Aaction%3Dlightbox%26settings%3DeyJpZCI6MjE4MCwidXJsIjoiaHR0cHM6XC9cL3d3dy5iYXpvYXJjaGl0ZWN0ZS5jb21cL3dwLWNvbnRlbnRcL3VwbG9hZHNcLzIwMjZcLzAxXC9QYW5vcmFtYS1zYW5zLXRpdHJlLTItc2NhbGVkLmpwZyJ9\">\n\t\t\t\t\t\t\t<img loading=\"lazy\" decoding=\"async\" width=\"1024\" height=\"459\" src=\"https:\/\/www.bazoarchitecte.com\/wp-content\/uploads\/2026\/01\/Panorama-sans-titre-2-1024x459.jpg\" class=\"attachment-large size-large wp-image-2180\" alt=\"\" srcset=\"https:\/\/www.bazoarchitecte.com\/wp-content\/uploads\/2026\/01\/Panorama-sans-titre-2-1024x459.jpg 1024w, https:\/\/www.bazoarchitecte.com\/wp-content\/uploads\/2026\/01\/Panorama-sans-titre-2-300x134.jpg 300w, https:\/\/www.bazoarchitecte.com\/wp-content\/uploads\/2026\/01\/Panorama-sans-titre-2-768x344.jpg 768w, https:\/\/www.bazoarchitecte.com\/wp-content\/uploads\/2026\/01\/Panorama-sans-titre-2-1536x688.jpg 1536w, https:\/\/www.bazoarchitecte.com\/wp-content\/uploads\/2026\/01\/Panorama-sans-titre-2-2048x918.jpg 2048w\" sizes=\"auto, (max-width: 1024px) 100vw, 1024px\" \/>\t\t\t\t\t\t\t\t<\/a>\n\t\t\t\t\t\t\t\t\t\t\t<figcaption class=\"widget-image-caption wp-caption-text\"><\/figcaption>\n\t\t\t\t\t\t\t\t\t\t<\/figure>\n\t\t\t\t\t\t\t\t\t<\/div>\n\t\t\t\t<\/div>\n\t\t\t\t<div class=\"elementor-element elementor-element-f2c204f elementor-widget elementor-widget-heading\" data-id=\"f2c204f\" data-element_type=\"widget\" data-widget_type=\"heading.default\">\n\t\t\t\t<div class=\"elementor-widget-container\">\n\t\t\t<h6 class=\"elementor-heading-title elementor-size-default\">PLAN DE MASSE<\/h6>\t\t<\/div>\n\t\t\t\t<\/div>\n\t\t\t\t<div class=\"elementor-element elementor-element-91eb8db elementor-widget elementor-widget-image\" data-id=\"91eb8db\" data-element_type=\"widget\" data-widget_type=\"image.default\">\n\t\t\t\t<div class=\"elementor-widget-container\">\n\t\t\t\t\t\t\t\t\t\t\t\t<figure class=\"wp-caption\">\n\t\t\t\t\t\t\t\t\t\t\t<a href=\"http:\/\/www.bazoarchitecte.com\/wp-content\/uploads\/2026\/01\/PLAN-DE-MASSE-scaled.jpg\" data-elementor-open-lightbox=\"yes\" data-e-action-hash=\"#elementor-action%3Aaction%3Dlightbox%26settings%3DeyJpZCI6MjE4NiwidXJsIjoiaHR0cHM6XC9cL3d3dy5iYXpvYXJjaGl0ZWN0ZS5jb21cL3dwLWNvbnRlbnRcL3VwbG9hZHNcLzIwMjZcLzAxXC9QTEFOLURFLU1BU1NFLXNjYWxlZC5qcGcifQ%3D%3D\">\n\t\t\t\t\t\t\t<img loading=\"lazy\" decoding=\"async\" width=\"1024\" height=\"951\" src=\"https:\/\/www.bazoarchitecte.com\/wp-content\/uploads\/2026\/01\/PLAN-DE-MASSE-1024x951.jpg\" class=\"attachment-large size-large wp-image-2186\" alt=\"\" srcset=\"https:\/\/www.bazoarchitecte.com\/wp-content\/uploads\/2026\/01\/PLAN-DE-MASSE-1024x951.jpg 1024w, https:\/\/www.bazoarchitecte.com\/wp-content\/uploads\/2026\/01\/PLAN-DE-MASSE-300x278.jpg 300w, https:\/\/www.bazoarchitecte.com\/wp-content\/uploads\/2026\/01\/PLAN-DE-MASSE-768x713.jpg 768w, https:\/\/www.bazoarchitecte.com\/wp-content\/uploads\/2026\/01\/PLAN-DE-MASSE-1536x1426.jpg 1536w, https:\/\/www.bazoarchitecte.com\/wp-content\/uploads\/2026\/01\/PLAN-DE-MASSE-2048x1901.jpg 2048w\" sizes=\"auto, (max-width: 1024px) 100vw, 1024px\" \/>\t\t\t\t\t\t\t\t<\/a>\n\t\t\t\t\t\t\t\t\t\t\t<figcaption class=\"widget-image-caption wp-caption-text\"><\/figcaption>\n\t\t\t\t\t\t\t\t\t\t<\/figure>\n\t\t\t\t\t\t\t\t\t<\/div>\n\t\t\t\t<\/div>\n\t\t\t\t\t<\/div>\n\t\t<\/div>\n\t\t\t\t<div class=\"elementor-column elementor-col-50 elementor-inner-column elementor-element elementor-element-a4fc4a1\" data-id=\"a4fc4a1\" data-element_type=\"column\">\n\t\t\t<div class=\"elementor-widget-wrap elementor-element-populated\">\n\t\t\t\t\t\t\t\t<div class=\"elementor-element elementor-element-f501ec4 elementor-widget elementor-widget-image\" data-id=\"f501ec4\" data-element_type=\"widget\" data-widget_type=\"image.default\">\n\t\t\t\t<div class=\"elementor-widget-container\">\n\t\t\t\t\t\t\t\t\t\t\t\t<figure class=\"wp-caption\">\n\t\t\t\t\t\t\t\t\t\t\t<a href=\"http:\/\/www.bazoarchitecte.com\/wp-content\/uploads\/2026\/01\/20250728_101159-scaled.jpg\" data-elementor-open-lightbox=\"yes\" data-e-action-hash=\"#elementor-action%3Aaction%3Dlightbox%26settings%3DeyJpZCI6MjE4NCwidXJsIjoiaHR0cHM6XC9cL3d3dy5iYXpvYXJjaGl0ZWN0ZS5jb21cL3dwLWNvbnRlbnRcL3VwbG9hZHNcLzIwMjZcLzAxXC8yMDI1MDcyOF8xMDExNTktc2NhbGVkLmpwZyJ9\">\n\t\t\t\t\t\t\t<img loading=\"lazy\" decoding=\"async\" width=\"1024\" height=\"768\" src=\"https:\/\/www.bazoarchitecte.com\/wp-content\/uploads\/2026\/01\/20250728_101159-1024x768.jpg\" class=\"attachment-large size-large wp-image-2184\" alt=\"\" srcset=\"https:\/\/www.bazoarchitecte.com\/wp-content\/uploads\/2026\/01\/20250728_101159-1024x768.jpg 1024w, https:\/\/www.bazoarchitecte.com\/wp-content\/uploads\/2026\/01\/20250728_101159-300x225.jpg 300w, https:\/\/www.bazoarchitecte.com\/wp-content\/uploads\/2026\/01\/20250728_101159-768x576.jpg 768w, https:\/\/www.bazoarchitecte.com\/wp-content\/uploads\/2026\/01\/20250728_101159-1536x1152.jpg 1536w, https:\/\/www.bazoarchitecte.com\/wp-content\/uploads\/2026\/01\/20250728_101159-2048x1536.jpg 2048w\" sizes=\"auto, (max-width: 1024px) 100vw, 1024px\" \/>\t\t\t\t\t\t\t\t<\/a>\n\t\t\t\t\t\t\t\t\t\t\t<figcaption class=\"widget-image-caption wp-caption-text\"><\/figcaption>\n\t\t\t\t\t\t\t\t\t\t<\/figure>\n\t\t\t\t\t\t\t\t\t<\/div>\n\t\t\t\t<\/div>\n\t\t\t\t<div class=\"elementor-element elementor-element-f986bf5 elementor-widget elementor-widget-image\" data-id=\"f986bf5\" data-element_type=\"widget\" data-widget_type=\"image.default\">\n\t\t\t\t<div class=\"elementor-widget-container\">\n\t\t\t\t\t\t\t\t\t\t\t\t<figure class=\"wp-caption\">\n\t\t\t\t\t\t\t\t\t\t\t<a href=\"http:\/\/www.bazoarchitecte.com\/wp-content\/uploads\/2026\/01\/20250728_101003--scaled.jpg\" data-elementor-open-lightbox=\"yes\" data-e-action-hash=\"#elementor-action%3Aaction%3Dlightbox%26settings%3DeyJpZCI6MjE4MywidXJsIjoiaHR0cHM6XC9cL3d3dy5iYXpvYXJjaGl0ZWN0ZS5jb21cL3dwLWNvbnRlbnRcL3VwbG9hZHNcLzIwMjZcLzAxXC8yMDI1MDcyOF8xMDEwMDMtLXNjYWxlZC5qcGcifQ%3D%3D\">\n\t\t\t\t\t\t\t<img loading=\"lazy\" decoding=\"async\" width=\"1024\" height=\"768\" src=\"https:\/\/www.bazoarchitecte.com\/wp-content\/uploads\/2026\/01\/20250728_101003--1024x768.jpg\" class=\"attachment-large size-large wp-image-2183\" alt=\"\" srcset=\"https:\/\/www.bazoarchitecte.com\/wp-content\/uploads\/2026\/01\/20250728_101003--1024x768.jpg 1024w, https:\/\/www.bazoarchitecte.com\/wp-content\/uploads\/2026\/01\/20250728_101003--300x225.jpg 300w, https:\/\/www.bazoarchitecte.com\/wp-content\/uploads\/2026\/01\/20250728_101003--768x576.jpg 768w, https:\/\/www.bazoarchitecte.com\/wp-content\/uploads\/2026\/01\/20250728_101003--1536x1152.jpg 1536w, https:\/\/www.bazoarchitecte.com\/wp-content\/uploads\/2026\/01\/20250728_101003--2048x1536.jpg 2048w\" sizes=\"auto, (max-width: 1024px) 100vw, 1024px\" \/>\t\t\t\t\t\t\t\t<\/a>\n\t\t\t\t\t\t\t\t\t\t\t<figcaption class=\"widget-image-caption wp-caption-text\"><\/figcaption>\n\t\t\t\t\t\t\t\t\t\t<\/figure>\n\t\t\t\t\t\t\t\t\t<\/div>\n\t\t\t\t<\/div>\n\t\t\t\t<div class=\"elementor-element elementor-element-ee3006c elementor-widget elementor-widget-image\" data-id=\"ee3006c\" data-element_type=\"widget\" data-widget_type=\"image.default\">\n\t\t\t\t<div class=\"elementor-widget-container\">\n\t\t\t\t\t\t\t\t\t\t\t\t<figure class=\"wp-caption\">\n\t\t\t\t\t\t\t\t\t\t\t<a href=\"http:\/\/www.bazoarchitecte.com\/wp-content\/uploads\/2026\/01\/02--scaled.jpg\" data-elementor-open-lightbox=\"yes\" data-elementor-lightbox-title=\"02-\" data-e-action-hash=\"#elementor-action%3Aaction%3Dlightbox%26settings%3DeyJpZCI6MjE4MiwidXJsIjoiaHR0cHM6XC9cL3d3dy5iYXpvYXJjaGl0ZWN0ZS5jb21cL3dwLWNvbnRlbnRcL3VwbG9hZHNcLzIwMjZcLzAxXC8wMi0tc2NhbGVkLmpwZyJ9\">\n\t\t\t\t\t\t\t<img loading=\"lazy\" decoding=\"async\" width=\"1024\" height=\"768\" src=\"https:\/\/www.bazoarchitecte.com\/wp-content\/uploads\/2026\/01\/02--1024x768.jpg\" class=\"attachment-large size-large wp-image-2182\" alt=\"\" srcset=\"https:\/\/www.bazoarchitecte.com\/wp-content\/uploads\/2026\/01\/02--1024x768.jpg 1024w, https:\/\/www.bazoarchitecte.com\/wp-content\/uploads\/2026\/01\/02--300x225.jpg 300w, https:\/\/www.bazoarchitecte.com\/wp-content\/uploads\/2026\/01\/02--768x576.jpg 768w, https:\/\/www.bazoarchitecte.com\/wp-content\/uploads\/2026\/01\/02--1536x1152.jpg 1536w, https:\/\/www.bazoarchitecte.com\/wp-content\/uploads\/2026\/01\/02--2048x1536.jpg 2048w\" sizes=\"auto, (max-width: 1024px) 100vw, 1024px\" \/>\t\t\t\t\t\t\t\t<\/a>\n\t\t\t\t\t\t\t\t\t\t\t<figcaption class=\"widget-image-caption wp-caption-text\"><\/figcaption>\n\t\t\t\t\t\t\t\t\t\t<\/figure>\n\t\t\t\t\t\t\t\t\t<\/div>\n\t\t\t\t<\/div>\n\t\t\t\t\t<\/div>\n\t\t<\/div>\n\t\t\t\t\t\t\t<\/div>\n\t\t<\/section>\n\t\t\t\t\t<\/div>\n\t\t<\/div>\n\t\t\t\t\t\t\t<\/div>\n\t\t<\/section>\n\t\t\t\t<section class=\"elementor-section elementor-top-section elementor-element elementor-element-fd61f27 elementor-section-boxed elementor-section-height-default elementor-section-height-default\" data-id=\"fd61f27\" data-element_type=\"section\">\n\t\t\t\t\t\t<div class=\"elementor-container elementor-column-gap-default\">\n\t\t\t\t\t<div class=\"elementor-column elementor-col-100 elementor-top-column elementor-element elementor-element-49952de\" data-id=\"49952de\" data-element_type=\"column\">\n\t\t\t<div class=\"elementor-widget-wrap elementor-element-populated\">\n\t\t\t\t\t\t\t\t<div class=\"elementor-element elementor-element-2e2afd3 elementor-arrows-position-inside elementor-pagination-position-outside elementor-widget elementor-widget-image-carousel\" data-id=\"2e2afd3\" data-element_type=\"widget\" data-settings=\"{&quot;slides_to_show&quot;:&quot;1&quot;,&quot;autoplay_speed&quot;:1000,&quot;navigation&quot;:&quot;both&quot;,&quot;autoplay&quot;:&quot;yes&quot;,&quot;pause_on_hover&quot;:&quot;yes&quot;,&quot;pause_on_interaction&quot;:&quot;yes&quot;,&quot;infinite&quot;:&quot;yes&quot;,&quot;effect&quot;:&quot;slide&quot;,&quot;speed&quot;:500}\" data-widget_type=\"image-carousel.default\">\n\t\t\t\t<div class=\"elementor-widget-container\">\n\t\t\t<style>\/*! elementor - v3.12.2 - 23-04-2023 *\/\n.elementor-widget-image-carousel .swiper,.elementor-widget-image-carousel .swiper-container{position:static}.elementor-widget-image-carousel .swiper-container .swiper-slide figure,.elementor-widget-image-carousel .swiper .swiper-slide figure{line-height:inherit}.elementor-widget-image-carousel .swiper-slide{text-align:center}.elementor-image-carousel-wrapper:not(.swiper-container-initialized) .swiper-slide,.elementor-image-carousel-wrapper:not(.swiper-initialized) .swiper-slide{max-width:calc(100% \/ var(--e-image-carousel-slides-to-show, 3))}<\/style>\t\t<div class=\"elementor-image-carousel-wrapper swiper\" dir=\"ltr\">\n\t\t\t<div class=\"elementor-image-carousel swiper-wrapper\">\n\t\t\t\t\t\t\t\t<div class=\"swiper-slide\"><figure class=\"swiper-slide-inner\"><img decoding=\"async\" class=\"swiper-slide-image\" src=\"https:\/\/www.bazoarchitecte.com\/wp-content\/uploads\/2026\/01\/A-06-scaled.jpg\" alt=\"Blanchisserie Morellon 01\" \/><\/figure><\/div><div class=\"swiper-slide\"><figure class=\"swiper-slide-inner\"><img decoding=\"async\" class=\"swiper-slide-image\" src=\"https:\/\/www.bazoarchitecte.com\/wp-content\/uploads\/2026\/01\/A-05-scaled.jpg\" alt=\"Blanchisserie Morellon 02\" \/><\/figure><\/div><div class=\"swiper-slide\"><figure class=\"swiper-slide-inner\"><img decoding=\"async\" class=\"swiper-slide-image\" src=\"https:\/\/www.bazoarchitecte.com\/wp-content\/uploads\/2026\/01\/A-04-scaled.jpg\" alt=\"Blanchisserie Morellon 03\" \/><\/figure><\/div><div class=\"swiper-slide\"><figure class=\"swiper-slide-inner\"><img decoding=\"async\" class=\"swiper-slide-image\" src=\"https:\/\/www.bazoarchitecte.com\/wp-content\/uploads\/2026\/01\/A-03-scaled.jpg\" alt=\"Blanchisserie Morellon 04\" \/><\/figure><\/div><div class=\"swiper-slide\"><figure class=\"swiper-slide-inner\"><img decoding=\"async\" class=\"swiper-slide-image\" src=\"https:\/\/www.bazoarchitecte.com\/wp-content\/uploads\/2026\/01\/A-02-scaled.jpg\" alt=\"Blanchisserie Morellon 05\" \/><\/figure><\/div><div class=\"swiper-slide\"><figure class=\"swiper-slide-inner\"><img decoding=\"async\" class=\"swiper-slide-image\" src=\"https:\/\/www.bazoarchitecte.com\/wp-content\/uploads\/2026\/01\/A-01-scaled.jpg\" alt=\"Blanchisserie Morellon 06\" \/><\/figure><\/div>\t\t\t<\/div>\n\t\t\t\t\t\t\t\t\t\t\t\t<div class=\"swiper-pagination\"><\/div>\n\t\t\t\t\t\t\t\t\t\t\t\t\t<div class=\"elementor-swiper-button elementor-swiper-button-prev\">\n\t\t\t\t\t\t<svg aria-hidden=\"true\" class=\"e-font-icon-svg e-eicon-chevron-left\" viewBox=\"0 0 1000 1000\" xmlns=\"http:\/\/www.w3.org\/2000\/svg\"><path d=\"M646 125C629 125 613 133 604 142L308 442C296 454 292 471 292 487 292 504 296 521 308 533L604 854C617 867 629 875 646 875 663 875 679 871 692 858 704 846 713 829 713 812 713 796 708 779 692 767L438 487 692 225C700 217 708 204 708 187 708 171 704 154 692 142 675 129 663 125 646 125Z\"><\/path><\/svg>\t\t\t\t\t\t<span class=\"elementor-screen-only\">Previous<\/span>\n\t\t\t\t\t<\/div>\n\t\t\t\t\t<div class=\"elementor-swiper-button elementor-swiper-button-next\">\n\t\t\t\t\t\t<svg aria-hidden=\"true\" class=\"e-font-icon-svg e-eicon-chevron-right\" viewBox=\"0 0 1000 1000\" xmlns=\"http:\/\/www.w3.org\/2000\/svg\"><path d=\"M696 533C708 521 713 504 713 487 713 471 708 454 696 446L400 146C388 133 375 125 354 125 338 125 325 129 313 142 300 154 292 171 292 187 292 204 296 221 308 233L563 492 304 771C292 783 288 800 288 817 288 833 296 850 308 863 321 871 338 875 354 875 371 875 388 867 400 854L696 533Z\"><\/path><\/svg>\t\t\t\t\t\t<span class=\"elementor-screen-only\">Next<\/span>\n\t\t\t\t\t<\/div>\n\t\t\t\t\t\t\t\t\t<\/div>\n\t\t\t\t<\/div>\n\t\t\t\t<\/div>\n\t\t\t\t\t<\/div>\n\t\t<\/div>\n\t\t\t\t\t\t\t<\/div>\n\t\t<\/section>\n\t\t\t\t\t\t\t<\/div>\n\t\t","protected":false},"excerpt":{"rendered":"<p>Extension blanchisserieMorellon Extension de la Blanchisserie Morellon \u00e0 Lentilly Construction de 2.700m\u00b2 d&#8217;extension Le projet d&#8217;extension et r\u00e9novation permettre donner une nouvelle image \u00e0 l&#8217;ensemble du b\u00e2timent en supprimant les bungalows et les tentes existantes dans la parcelle. EXISTANT &#8211; AVANT TRAVAUX PLAN DE MASSE Previous Next<\/p>\n","protected":false},"author":1,"featured_media":0,"parent":0,"menu_order":0,"comment_status":"closed","ping_status":"closed","template":"","meta":{"footnotes":""},"class_list":["post-2176","page","type-page","status-publish","hentry"],"_links":{"self":[{"href":"https:\/\/www.bazoarchitecte.com\/index.php\/wp-json\/wp\/v2\/pages\/2176","targetHints":{"allow":["GET"]}}],"collection":[{"href":"https:\/\/www.bazoarchitecte.com\/index.php\/wp-json\/wp\/v2\/pages"}],"about":[{"href":"https:\/\/www.bazoarchitecte.com\/index.php\/wp-json\/wp\/v2\/types\/page"}],"author":[{"embeddable":true,"href":"https:\/\/www.bazoarchitecte.com\/index.php\/wp-json\/wp\/v2\/users\/1"}],"replies":[{"embeddable":true,"href":"https:\/\/www.bazoarchitecte.com\/index.php\/wp-json\/wp\/v2\/comments?post=2176"}],"version-history":[{"count":16,"href":"https:\/\/www.bazoarchitecte.com\/index.php\/wp-json\/wp\/v2\/pages\/2176\/revisions"}],"predecessor-version":[{"id":2211,"href":"https:\/\/www.bazoarchitecte.com\/index.php\/wp-json\/wp\/v2\/pages\/2176\/revisions\/2211"}],"wp:attachment":[{"href":"https:\/\/www.bazoarchitecte.com\/index.php\/wp-json\/wp\/v2\/media?parent=2176"}],"curies":[{"name":"wp","href":"https:\/\/api.w.org\/{rel}","templated":true}]}}