{"id":2012,"date":"2024-10-28T16:57:11","date_gmt":"2024-10-28T15:57:11","guid":{"rendered":"https:\/\/www.bazoarchitecte.com\/?page_id=2012"},"modified":"2024-10-28T17:55:43","modified_gmt":"2024-10-28T16:55:43","slug":"maison-n-38","status":"publish","type":"page","link":"https:\/\/www.bazoarchitecte.com\/index.php\/maison-n-38\/","title":{"rendered":"MAISON N-38"},"content":{"rendered":"\t\t<div data-elementor-type=\"wp-page\" data-elementor-id=\"2012\" class=\"elementor elementor-2012\">\n\t\t\t\t\t\t\t\t\t<section class=\"elementor-section elementor-top-section elementor-element elementor-element-c8b843a elementor-section-boxed elementor-section-height-default elementor-section-height-default\" data-id=\"c8b843a\" data-element_type=\"section\">\n\t\t\t\t\t\t<div class=\"elementor-container elementor-column-gap-default\">\n\t\t\t\t\t<div class=\"elementor-column elementor-col-100 elementor-top-column elementor-element elementor-element-37db2db\" data-id=\"37db2db\" data-element_type=\"column\">\n\t\t\t<div class=\"elementor-widget-wrap elementor-element-populated\">\n\t\t\t\t\t\t\t\t<section class=\"elementor-section elementor-inner-section elementor-element elementor-element-df9bec4 elementor-section-boxed elementor-section-height-default elementor-section-height-default\" data-id=\"df9bec4\" data-element_type=\"section\">\n\t\t\t\t\t\t<div class=\"elementor-container elementor-column-gap-default\">\n\t\t\t\t\t<div class=\"elementor-column elementor-col-50 elementor-inner-column elementor-element elementor-element-74820d3\" data-id=\"74820d3\" data-element_type=\"column\">\n\t\t\t<div class=\"elementor-widget-wrap elementor-element-populated\">\n\t\t\t\t\t\t\t\t<div class=\"elementor-element elementor-element-ce0cab3 elementor-widget elementor-widget-heading\" data-id=\"ce0cab3\" data-element_type=\"widget\" data-widget_type=\"heading.default\">\n\t\t\t\t<div class=\"elementor-widget-container\">\n\t\t\t<style>\/*! elementor - v3.12.2 - 23-04-2023 *\/\n.elementor-heading-title{padding:0;margin:0;line-height:1}.elementor-widget-heading .elementor-heading-title[class*=elementor-size-]>a{color:inherit;font-size:inherit;line-height:inherit}.elementor-widget-heading .elementor-heading-title.elementor-size-small{font-size:15px}.elementor-widget-heading .elementor-heading-title.elementor-size-medium{font-size:19px}.elementor-widget-heading .elementor-heading-title.elementor-size-large{font-size:29px}.elementor-widget-heading .elementor-heading-title.elementor-size-xl{font-size:39px}.elementor-widget-heading .elementor-heading-title.elementor-size-xxl{font-size:59px}<\/style><h1 class=\"elementor-heading-title elementor-size-default\"><font style=\"vertical-align: inherit;\"><font style=\"vertical-align: inherit;\"><font style=\"vertical-align: inherit;\"><font style=\"vertical-align: inherit;\"><font style=\"vertical-align: inherit;\"><font style=\"vertical-align: inherit;\">Maison N-<\/font><\/font><\/font><\/font><\/font><\/font><font style=\"vertical-align: inherit;\"><font style=\"vertical-align: inherit;\"> 38<\/font><\/font><\/h1>\t\t<\/div>\n\t\t\t\t<\/div>\n\t\t\t\t<div class=\"elementor-element elementor-element-0b3e87f elementor-widget elementor-widget-text-editor\" data-id=\"0b3e87f\" data-element_type=\"widget\" data-widget_type=\"text-editor.default\">\n\t\t\t\t<div class=\"elementor-widget-container\">\n\t\t\t<style>\/*! elementor - v3.12.2 - 23-04-2023 *\/\n.elementor-widget-text-editor.elementor-drop-cap-view-stacked .elementor-drop-cap{background-color:#69727d;color:#fff}.elementor-widget-text-editor.elementor-drop-cap-view-framed .elementor-drop-cap{color:#69727d;border:3px solid;background-color:transparent}.elementor-widget-text-editor:not(.elementor-drop-cap-view-default) .elementor-drop-cap{margin-top:8px}.elementor-widget-text-editor:not(.elementor-drop-cap-view-default) .elementor-drop-cap-letter{width:1em;height:1em}.elementor-widget-text-editor .elementor-drop-cap{float:left;text-align:center;line-height:1;font-size:50px}.elementor-widget-text-editor .elementor-drop-cap-letter{display:inline-block}<\/style>\t\t\t\t<h5><span style=\"vertical-align: inherit;\"><span style=\"vertical-align: inherit;\"><span style=\"vertical-align: inherit;\"><span style=\"vertical-align: inherit;\"><span style=\"vertical-align: inherit;\"><span style=\"vertical-align: inherit;\"><span style=\"vertical-align: inherit;\"><span style=\"vertical-align: inherit;\"><span style=\"vertical-align: inherit;\"><span style=\"vertical-align: inherit;\"><span style=\"vertical-align: inherit;\"><span style=\"vertical-align: inherit;\"><span style=\"vertical-align: inherit;\"><span style=\"vertical-align: inherit;\">Projet de construction d&#8217;une maison individuelle sur deux niveaux et garage situ\u00e9 dans la commune de Crolles dans le d\u00e9partement de l&#8217;Is\u00e8re (38).<\/span><\/span><\/span><\/span><\/span><\/span><\/span><\/span><\/span><\/span><\/span><\/span><\/span><\/span><\/h5>\t\t\t\t\t\t<\/div>\n\t\t\t\t<\/div>\n\t\t\t\t<div class=\"elementor-element elementor-element-0378dbf elementor-widget elementor-widget-text-editor\" data-id=\"0378dbf\" data-element_type=\"widget\" data-widget_type=\"text-editor.default\">\n\t\t\t\t<div class=\"elementor-widget-container\">\n\t\t\t\t\t\t\t<h5>La maison projet\u00e9e, d&#8217;un style traditionnel avec volumes simples et compacts s&#8217;int\u00e8gre dans l&#8217;environnement et dans le terrain tr\u00e8s en pente de la parcelle.\u00a0<\/h5><h5><span style=\"font-size: 15px;\">Pour son int\u00e9gration et pour modifier le moins possible le terrain, se d\u00e9cide de cr\u00e9er la partie plus basse de la parcelle afin de cr\u00e9er l&#8217;acc\u00e8s o\u00f9 se situe le garage et la maison sera divis\u00e9e en deux volumes pour reduire son hauteur<\/span><\/h5>\t\t\t\t\t\t<\/div>\n\t\t\t\t<\/div>\n\t\t\t\t<div class=\"elementor-element elementor-element-bd88371 elementor-widget elementor-widget-image\" data-id=\"bd88371\" data-element_type=\"widget\" data-widget_type=\"image.default\">\n\t\t\t\t<div class=\"elementor-widget-container\">\n\t\t\t<style>\/*! elementor - v3.12.2 - 23-04-2023 *\/\n.elementor-widget-image{text-align:center}.elementor-widget-image a{display:inline-block}.elementor-widget-image a img[src$=\".svg\"]{width:48px}.elementor-widget-image img{vertical-align:middle;display:inline-block}<\/style>\t\t\t\t\t\t\t\t\t<figure class=\"wp-caption\">\n\t\t\t\t\t\t\t\t\t\t<img loading=\"lazy\" decoding=\"async\" width=\"1024\" height=\"431\" src=\"https:\/\/www.bazoarchitecte.com\/wp-content\/uploads\/2024\/10\/Panorama-sans-titre-2-1024x431.jpg\" class=\"attachment-large size-large wp-image-2014\" alt=\"\" srcset=\"https:\/\/www.bazoarchitecte.com\/wp-content\/uploads\/2024\/10\/Panorama-sans-titre-2-1024x431.jpg 1024w, https:\/\/www.bazoarchitecte.com\/wp-content\/uploads\/2024\/10\/Panorama-sans-titre-2-300x126.jpg 300w, https:\/\/www.bazoarchitecte.com\/wp-content\/uploads\/2024\/10\/Panorama-sans-titre-2-768x323.jpg 768w, https:\/\/www.bazoarchitecte.com\/wp-content\/uploads\/2024\/10\/Panorama-sans-titre-2-1536x646.jpg 1536w, https:\/\/www.bazoarchitecte.com\/wp-content\/uploads\/2024\/10\/Panorama-sans-titre-2-2048x861.jpg 2048w\" sizes=\"auto, (max-width: 1024px) 100vw, 1024px\" \/>\t\t\t\t\t\t\t\t\t\t\t<figcaption class=\"widget-image-caption wp-caption-text\"><\/figcaption>\n\t\t\t\t\t\t\t\t\t\t<\/figure>\n\t\t\t\t\t\t\t\t\t<\/div>\n\t\t\t\t<\/div>\n\t\t\t\t<div class=\"elementor-element elementor-element-fdfdff1 elementor-widget elementor-widget-image\" data-id=\"fdfdff1\" data-element_type=\"widget\" data-widget_type=\"image.default\">\n\t\t\t\t<div class=\"elementor-widget-container\">\n\t\t\t\t\t\t\t\t\t\t\t\t<figure class=\"wp-caption\">\n\t\t\t\t\t\t\t\t\t\t<img loading=\"lazy\" decoding=\"async\" width=\"1024\" height=\"547\" src=\"https:\/\/www.bazoarchitecte.com\/wp-content\/uploads\/2024\/10\/Panorama-sans-titre-3-1024x547.jpg\" class=\"attachment-large size-large wp-image-2015\" alt=\"\" srcset=\"https:\/\/www.bazoarchitecte.com\/wp-content\/uploads\/2024\/10\/Panorama-sans-titre-3-1024x547.jpg 1024w, https:\/\/www.bazoarchitecte.com\/wp-content\/uploads\/2024\/10\/Panorama-sans-titre-3-300x160.jpg 300w, https:\/\/www.bazoarchitecte.com\/wp-content\/uploads\/2024\/10\/Panorama-sans-titre-3-768x410.jpg 768w, https:\/\/www.bazoarchitecte.com\/wp-content\/uploads\/2024\/10\/Panorama-sans-titre-3-1536x820.jpg 1536w, https:\/\/www.bazoarchitecte.com\/wp-content\/uploads\/2024\/10\/Panorama-sans-titre-3-2048x1094.jpg 2048w\" sizes=\"auto, (max-width: 1024px) 100vw, 1024px\" \/>\t\t\t\t\t\t\t\t\t\t\t<figcaption class=\"widget-image-caption wp-caption-text\"><\/figcaption>\n\t\t\t\t\t\t\t\t\t\t<\/figure>\n\t\t\t\t\t\t\t\t\t<\/div>\n\t\t\t\t<\/div>\n\t\t\t\t<div class=\"elementor-element elementor-element-329bf65 elementor-widget elementor-widget-heading\" data-id=\"329bf65\" data-element_type=\"widget\" data-widget_type=\"heading.default\">\n\t\t\t\t<div class=\"elementor-widget-container\">\n\t\t\t<h6 class=\"elementor-heading-title elementor-size-default\">RDC<\/h6>\t\t<\/div>\n\t\t\t\t<\/div>\n\t\t\t\t<div class=\"elementor-element elementor-element-86537bb elementor-widget elementor-widget-image\" data-id=\"86537bb\" data-element_type=\"widget\" data-widget_type=\"image.default\">\n\t\t\t\t<div class=\"elementor-widget-container\">\n\t\t\t\t\t\t\t\t\t\t\t\t<figure class=\"wp-caption\">\n\t\t\t\t\t\t\t\t\t\t\t<a href=\"http:\/\/www.bazoarchitecte.com\/wp-content\/uploads\/2024\/10\/RDC-scaled.jpg\" data-elementor-open-lightbox=\"yes\" data-e-action-hash=\"#elementor-action%3Aaction%3Dlightbox%26settings%3DeyJpZCI6MjAzMiwidXJsIjoiaHR0cHM6XC9cL3d3dy5iYXpvYXJjaGl0ZWN0ZS5jb21cL3dwLWNvbnRlbnRcL3VwbG9hZHNcLzIwMjRcLzEwXC9SREMtc2NhbGVkLmpwZyJ9\">\n\t\t\t\t\t\t\t<img loading=\"lazy\" decoding=\"async\" width=\"1024\" height=\"526\" src=\"https:\/\/www.bazoarchitecte.com\/wp-content\/uploads\/2024\/10\/RDC-1024x526.jpg\" class=\"attachment-large size-large wp-image-2032\" alt=\"\" srcset=\"https:\/\/www.bazoarchitecte.com\/wp-content\/uploads\/2024\/10\/RDC-1024x526.jpg 1024w, https:\/\/www.bazoarchitecte.com\/wp-content\/uploads\/2024\/10\/RDC-300x154.jpg 300w, https:\/\/www.bazoarchitecte.com\/wp-content\/uploads\/2024\/10\/RDC-768x395.jpg 768w, https:\/\/www.bazoarchitecte.com\/wp-content\/uploads\/2024\/10\/RDC-1536x790.jpg 1536w, https:\/\/www.bazoarchitecte.com\/wp-content\/uploads\/2024\/10\/RDC-2048x1053.jpg 2048w\" sizes=\"auto, (max-width: 1024px) 100vw, 1024px\" \/>\t\t\t\t\t\t\t\t<\/a>\n\t\t\t\t\t\t\t\t\t\t\t<figcaption class=\"widget-image-caption wp-caption-text\"><\/figcaption>\n\t\t\t\t\t\t\t\t\t\t<\/figure>\n\t\t\t\t\t\t\t\t\t<\/div>\n\t\t\t\t<\/div>\n\t\t\t\t<div class=\"elementor-element elementor-element-f2c204f elementor-widget elementor-widget-heading\" data-id=\"f2c204f\" data-element_type=\"widget\" data-widget_type=\"heading.default\">\n\t\t\t\t<div class=\"elementor-widget-container\">\n\t\t\t<h6 class=\"elementor-heading-title elementor-size-default\">R+1<\/h6>\t\t<\/div>\n\t\t\t\t<\/div>\n\t\t\t\t<div class=\"elementor-element elementor-element-91eb8db elementor-widget elementor-widget-image\" data-id=\"91eb8db\" data-element_type=\"widget\" data-widget_type=\"image.default\">\n\t\t\t\t<div class=\"elementor-widget-container\">\n\t\t\t\t\t\t\t\t\t\t\t\t<figure class=\"wp-caption\">\n\t\t\t\t\t\t\t\t\t\t\t<a href=\"http:\/\/www.bazoarchitecte.com\/wp-content\/uploads\/2024\/10\/R1-scaled.jpg\" data-elementor-open-lightbox=\"yes\" data-e-action-hash=\"#elementor-action%3Aaction%3Dlightbox%26settings%3DeyJpZCI6MjAzNCwidXJsIjoiaHR0cHM6XC9cL3d3dy5iYXpvYXJjaGl0ZWN0ZS5jb21cL3dwLWNvbnRlbnRcL3VwbG9hZHNcLzIwMjRcLzEwXC9SMS1zY2FsZWQuanBnIn0%3D\">\n\t\t\t\t\t\t\t<img loading=\"lazy\" decoding=\"async\" width=\"1024\" height=\"526\" src=\"https:\/\/www.bazoarchitecte.com\/wp-content\/uploads\/2024\/10\/R1-1024x526.jpg\" class=\"attachment-large size-large wp-image-2034\" alt=\"\" srcset=\"https:\/\/www.bazoarchitecte.com\/wp-content\/uploads\/2024\/10\/R1-1024x526.jpg 1024w, https:\/\/www.bazoarchitecte.com\/wp-content\/uploads\/2024\/10\/R1-300x154.jpg 300w, https:\/\/www.bazoarchitecte.com\/wp-content\/uploads\/2024\/10\/R1-768x395.jpg 768w, https:\/\/www.bazoarchitecte.com\/wp-content\/uploads\/2024\/10\/R1-1536x790.jpg 1536w, https:\/\/www.bazoarchitecte.com\/wp-content\/uploads\/2024\/10\/R1-2048x1053.jpg 2048w\" sizes=\"auto, (max-width: 1024px) 100vw, 1024px\" \/>\t\t\t\t\t\t\t\t<\/a>\n\t\t\t\t\t\t\t\t\t\t\t<figcaption class=\"widget-image-caption wp-caption-text\"><\/figcaption>\n\t\t\t\t\t\t\t\t\t\t<\/figure>\n\t\t\t\t\t\t\t\t\t<\/div>\n\t\t\t\t<\/div>\n\t\t\t\t<div class=\"elementor-element elementor-element-87247fa elementor-widget elementor-widget-heading\" data-id=\"87247fa\" data-element_type=\"widget\" data-widget_type=\"heading.default\">\n\t\t\t\t<div class=\"elementor-widget-container\">\n\t\t\t<h6 class=\"elementor-heading-title elementor-size-default\">Sous-sol<\/h6>\t\t<\/div>\n\t\t\t\t<\/div>\n\t\t\t\t<div class=\"elementor-element elementor-element-300b6b3 elementor-widget elementor-widget-image\" data-id=\"300b6b3\" data-element_type=\"widget\" data-widget_type=\"image.default\">\n\t\t\t\t<div class=\"elementor-widget-container\">\n\t\t\t\t\t\t\t\t\t\t\t\t<figure class=\"wp-caption\">\n\t\t\t\t\t\t\t\t\t\t\t<a href=\"http:\/\/www.bazoarchitecte.com\/wp-content\/uploads\/2024\/10\/R-1-scaled.jpg\" data-elementor-open-lightbox=\"yes\" data-e-action-hash=\"#elementor-action%3Aaction%3Dlightbox%26settings%3DeyJpZCI6MjAzMSwidXJsIjoiaHR0cHM6XC9cL3d3dy5iYXpvYXJjaGl0ZWN0ZS5jb21cL3dwLWNvbnRlbnRcL3VwbG9hZHNcLzIwMjRcLzEwXC9SLTEtc2NhbGVkLmpwZyJ9\">\n\t\t\t\t\t\t\t<img loading=\"lazy\" decoding=\"async\" width=\"1024\" height=\"526\" src=\"https:\/\/www.bazoarchitecte.com\/wp-content\/uploads\/2024\/10\/R-1-1024x526.jpg\" class=\"attachment-large size-large wp-image-2031\" alt=\"\" srcset=\"https:\/\/www.bazoarchitecte.com\/wp-content\/uploads\/2024\/10\/R-1-1024x526.jpg 1024w, https:\/\/www.bazoarchitecte.com\/wp-content\/uploads\/2024\/10\/R-1-300x154.jpg 300w, https:\/\/www.bazoarchitecte.com\/wp-content\/uploads\/2024\/10\/R-1-768x395.jpg 768w, https:\/\/www.bazoarchitecte.com\/wp-content\/uploads\/2024\/10\/R-1-1536x790.jpg 1536w, https:\/\/www.bazoarchitecte.com\/wp-content\/uploads\/2024\/10\/R-1-2048x1053.jpg 2048w\" sizes=\"auto, (max-width: 1024px) 100vw, 1024px\" \/>\t\t\t\t\t\t\t\t<\/a>\n\t\t\t\t\t\t\t\t\t\t\t<figcaption class=\"widget-image-caption wp-caption-text\"><\/figcaption>\n\t\t\t\t\t\t\t\t\t\t<\/figure>\n\t\t\t\t\t\t\t\t\t<\/div>\n\t\t\t\t<\/div>\n\t\t\t\t<div class=\"elementor-element elementor-element-42fe82e elementor-widget elementor-widget-heading\" data-id=\"42fe82e\" data-element_type=\"widget\" data-widget_type=\"heading.default\">\n\t\t\t\t<div class=\"elementor-widget-container\">\n\t\t\t<h6 class=\"elementor-heading-title elementor-size-default\">Coupe<\/h6>\t\t<\/div>\n\t\t\t\t<\/div>\n\t\t\t\t<div class=\"elementor-element elementor-element-fb1d229 elementor-widget elementor-widget-image\" data-id=\"fb1d229\" data-element_type=\"widget\" data-widget_type=\"image.default\">\n\t\t\t\t<div class=\"elementor-widget-container\">\n\t\t\t\t\t\t\t\t\t\t\t\t<figure class=\"wp-caption\">\n\t\t\t\t\t\t\t\t\t\t\t<a href=\"http:\/\/www.bazoarchitecte.com\/wp-content\/uploads\/2024\/10\/COUPE-scaled.jpg\" data-elementor-open-lightbox=\"yes\" data-e-action-hash=\"#elementor-action%3Aaction%3Dlightbox%26settings%3DeyJpZCI6MjAzMywidXJsIjoiaHR0cHM6XC9cL3d3dy5iYXpvYXJjaGl0ZWN0ZS5jb21cL3dwLWNvbnRlbnRcL3VwbG9hZHNcLzIwMjRcLzEwXC9DT1VQRS1zY2FsZWQuanBnIn0%3D\">\n\t\t\t\t\t\t\t<img loading=\"lazy\" decoding=\"async\" width=\"1024\" height=\"526\" src=\"https:\/\/www.bazoarchitecte.com\/wp-content\/uploads\/2024\/10\/COUPE-1024x526.jpg\" class=\"attachment-large size-large wp-image-2033\" alt=\"\" srcset=\"https:\/\/www.bazoarchitecte.com\/wp-content\/uploads\/2024\/10\/COUPE-1024x526.jpg 1024w, https:\/\/www.bazoarchitecte.com\/wp-content\/uploads\/2024\/10\/COUPE-300x154.jpg 300w, https:\/\/www.bazoarchitecte.com\/wp-content\/uploads\/2024\/10\/COUPE-768x395.jpg 768w, https:\/\/www.bazoarchitecte.com\/wp-content\/uploads\/2024\/10\/COUPE-1536x790.jpg 1536w, https:\/\/www.bazoarchitecte.com\/wp-content\/uploads\/2024\/10\/COUPE-2048x1053.jpg 2048w\" sizes=\"auto, (max-width: 1024px) 100vw, 1024px\" \/>\t\t\t\t\t\t\t\t<\/a>\n\t\t\t\t\t\t\t\t\t\t\t<figcaption class=\"widget-image-caption wp-caption-text\"><\/figcaption>\n\t\t\t\t\t\t\t\t\t\t<\/figure>\n\t\t\t\t\t\t\t\t\t<\/div>\n\t\t\t\t<\/div>\n\t\t\t\t\t<\/div>\n\t\t<\/div>\n\t\t\t\t<div class=\"elementor-column elementor-col-50 elementor-inner-column elementor-element elementor-element-a4fc4a1\" data-id=\"a4fc4a1\" data-element_type=\"column\">\n\t\t\t<div class=\"elementor-widget-wrap elementor-element-populated\">\n\t\t\t\t\t\t\t\t<div class=\"elementor-element elementor-element-f501ec4 elementor-widget elementor-widget-image\" data-id=\"f501ec4\" data-element_type=\"widget\" data-widget_type=\"image.default\">\n\t\t\t\t<div class=\"elementor-widget-container\">\n\t\t\t\t\t\t\t\t\t\t\t\t<figure class=\"wp-caption\">\n\t\t\t\t\t\t\t\t\t\t\t<a href=\"http:\/\/www.bazoarchitecte.com\/wp-content\/uploads\/2024\/10\/NICOLET-01-SITE-WEB-scaled.jpg\" data-elementor-open-lightbox=\"yes\" data-e-action-hash=\"#elementor-action%3Aaction%3Dlightbox%26settings%3DeyJpZCI6MjAxNiwidXJsIjoiaHR0cHM6XC9cL3d3dy5iYXpvYXJjaGl0ZWN0ZS5jb21cL3dwLWNvbnRlbnRcL3VwbG9hZHNcLzIwMjRcLzEwXC9OSUNPTEVULTAxLVNJVEUtV0VCLXNjYWxlZC5qcGcifQ%3D%3D\">\n\t\t\t\t\t\t\t<img loading=\"lazy\" decoding=\"async\" width=\"1024\" height=\"473\" src=\"https:\/\/www.bazoarchitecte.com\/wp-content\/uploads\/2024\/10\/NICOLET-01-SITE-WEB-1024x473.jpg\" class=\"attachment-large size-large wp-image-2016\" alt=\"\" srcset=\"https:\/\/www.bazoarchitecte.com\/wp-content\/uploads\/2024\/10\/NICOLET-01-SITE-WEB-1024x473.jpg 1024w, https:\/\/www.bazoarchitecte.com\/wp-content\/uploads\/2024\/10\/NICOLET-01-SITE-WEB-300x139.jpg 300w, https:\/\/www.bazoarchitecte.com\/wp-content\/uploads\/2024\/10\/NICOLET-01-SITE-WEB-768x355.jpg 768w, https:\/\/www.bazoarchitecte.com\/wp-content\/uploads\/2024\/10\/NICOLET-01-SITE-WEB-1536x709.jpg 1536w, https:\/\/www.bazoarchitecte.com\/wp-content\/uploads\/2024\/10\/NICOLET-01-SITE-WEB-2048x946.jpg 2048w\" sizes=\"auto, (max-width: 1024px) 100vw, 1024px\" \/>\t\t\t\t\t\t\t\t<\/a>\n\t\t\t\t\t\t\t\t\t\t\t<figcaption class=\"widget-image-caption wp-caption-text\"><\/figcaption>\n\t\t\t\t\t\t\t\t\t\t<\/figure>\n\t\t\t\t\t\t\t\t\t<\/div>\n\t\t\t\t<\/div>\n\t\t\t\t<div class=\"elementor-element elementor-element-f986bf5 elementor-widget elementor-widget-image\" data-id=\"f986bf5\" data-element_type=\"widget\" data-widget_type=\"image.default\">\n\t\t\t\t<div class=\"elementor-widget-container\">\n\t\t\t\t\t\t\t\t\t\t\t\t<figure class=\"wp-caption\">\n\t\t\t\t\t\t\t\t\t\t\t<a href=\"http:\/\/www.bazoarchitecte.com\/wp-content\/uploads\/2024\/10\/NICOLET-INT-03-scaled.jpg\" data-elementor-open-lightbox=\"yes\" data-elementor-lightbox-title=\"NICOLET - INT 03\" data-e-action-hash=\"#elementor-action%3Aaction%3Dlightbox%26settings%3DeyJpZCI6MjAxOSwidXJsIjoiaHR0cHM6XC9cL3d3dy5iYXpvYXJjaGl0ZWN0ZS5jb21cL3dwLWNvbnRlbnRcL3VwbG9hZHNcLzIwMjRcLzEwXC9OSUNPTEVULUlOVC0wMy1zY2FsZWQuanBnIn0%3D\">\n\t\t\t\t\t\t\t<img loading=\"lazy\" decoding=\"async\" width=\"1024\" height=\"512\" src=\"https:\/\/www.bazoarchitecte.com\/wp-content\/uploads\/2024\/10\/NICOLET-INT-03-1024x512.jpg\" class=\"attachment-large size-large wp-image-2019\" alt=\"\" srcset=\"https:\/\/www.bazoarchitecte.com\/wp-content\/uploads\/2024\/10\/NICOLET-INT-03-1024x512.jpg 1024w, https:\/\/www.bazoarchitecte.com\/wp-content\/uploads\/2024\/10\/NICOLET-INT-03-300x150.jpg 300w, https:\/\/www.bazoarchitecte.com\/wp-content\/uploads\/2024\/10\/NICOLET-INT-03-768x384.jpg 768w, https:\/\/www.bazoarchitecte.com\/wp-content\/uploads\/2024\/10\/NICOLET-INT-03-1536x767.jpg 1536w, https:\/\/www.bazoarchitecte.com\/wp-content\/uploads\/2024\/10\/NICOLET-INT-03-2048x1023.jpg 2048w\" sizes=\"auto, (max-width: 1024px) 100vw, 1024px\" \/>\t\t\t\t\t\t\t\t<\/a>\n\t\t\t\t\t\t\t\t\t\t\t<figcaption class=\"widget-image-caption wp-caption-text\"><\/figcaption>\n\t\t\t\t\t\t\t\t\t\t<\/figure>\n\t\t\t\t\t\t\t\t\t<\/div>\n\t\t\t\t<\/div>\n\t\t\t\t<div class=\"elementor-element elementor-element-ee3006c elementor-widget elementor-widget-image\" data-id=\"ee3006c\" data-element_type=\"widget\" data-widget_type=\"image.default\">\n\t\t\t\t<div class=\"elementor-widget-container\">\n\t\t\t\t\t\t\t\t\t\t\t\t<figure class=\"wp-caption\">\n\t\t\t\t\t\t\t\t\t\t\t<a href=\"http:\/\/www.bazoarchitecte.com\/wp-content\/uploads\/2024\/10\/NICOLET-INT-01-scaled.jpg\" data-elementor-open-lightbox=\"yes\" data-elementor-lightbox-title=\"NICOLET - INT 01\" data-e-action-hash=\"#elementor-action%3Aaction%3Dlightbox%26settings%3DeyJpZCI6MjAxNywidXJsIjoiaHR0cHM6XC9cL3d3dy5iYXpvYXJjaGl0ZWN0ZS5jb21cL3dwLWNvbnRlbnRcL3VwbG9hZHNcLzIwMjRcLzEwXC9OSUNPTEVULUlOVC0wMS1zY2FsZWQuanBnIn0%3D\">\n\t\t\t\t\t\t\t<img loading=\"lazy\" decoding=\"async\" width=\"1024\" height=\"512\" src=\"https:\/\/www.bazoarchitecte.com\/wp-content\/uploads\/2024\/10\/NICOLET-INT-01-1024x512.jpg\" class=\"attachment-large size-large wp-image-2017\" alt=\"\" srcset=\"https:\/\/www.bazoarchitecte.com\/wp-content\/uploads\/2024\/10\/NICOLET-INT-01-1024x512.jpg 1024w, https:\/\/www.bazoarchitecte.com\/wp-content\/uploads\/2024\/10\/NICOLET-INT-01-300x150.jpg 300w, https:\/\/www.bazoarchitecte.com\/wp-content\/uploads\/2024\/10\/NICOLET-INT-01-768x384.jpg 768w, https:\/\/www.bazoarchitecte.com\/wp-content\/uploads\/2024\/10\/NICOLET-INT-01-1536x767.jpg 1536w, https:\/\/www.bazoarchitecte.com\/wp-content\/uploads\/2024\/10\/NICOLET-INT-01-2048x1023.jpg 2048w\" sizes=\"auto, (max-width: 1024px) 100vw, 1024px\" \/>\t\t\t\t\t\t\t\t<\/a>\n\t\t\t\t\t\t\t\t\t\t\t<figcaption class=\"widget-image-caption wp-caption-text\"><\/figcaption>\n\t\t\t\t\t\t\t\t\t\t<\/figure>\n\t\t\t\t\t\t\t\t\t<\/div>\n\t\t\t\t<\/div>\n\t\t\t\t<div class=\"elementor-element elementor-element-61fc8c1 elementor-widget elementor-widget-image\" data-id=\"61fc8c1\" data-element_type=\"widget\" data-widget_type=\"image.default\">\n\t\t\t\t<div class=\"elementor-widget-container\">\n\t\t\t\t\t\t\t\t\t\t\t\t<figure class=\"wp-caption\">\n\t\t\t\t\t\t\t\t\t\t\t<a href=\"http:\/\/www.bazoarchitecte.com\/wp-content\/uploads\/2024\/10\/NICOLET-INT-02-scaled.jpg\" data-elementor-open-lightbox=\"yes\" data-elementor-lightbox-title=\"NICOLET - INT 02\" data-e-action-hash=\"#elementor-action%3Aaction%3Dlightbox%26settings%3DeyJpZCI6MjAxOCwidXJsIjoiaHR0cHM6XC9cL3d3dy5iYXpvYXJjaGl0ZWN0ZS5jb21cL3dwLWNvbnRlbnRcL3VwbG9hZHNcLzIwMjRcLzEwXC9OSUNPTEVULUlOVC0wMi1zY2FsZWQuanBnIn0%3D\">\n\t\t\t\t\t\t\t<img loading=\"lazy\" decoding=\"async\" width=\"1024\" height=\"512\" src=\"https:\/\/www.bazoarchitecte.com\/wp-content\/uploads\/2024\/10\/NICOLET-INT-02-1024x512.jpg\" class=\"attachment-large size-large wp-image-2018\" alt=\"\" srcset=\"https:\/\/www.bazoarchitecte.com\/wp-content\/uploads\/2024\/10\/NICOLET-INT-02-1024x512.jpg 1024w, https:\/\/www.bazoarchitecte.com\/wp-content\/uploads\/2024\/10\/NICOLET-INT-02-300x150.jpg 300w, https:\/\/www.bazoarchitecte.com\/wp-content\/uploads\/2024\/10\/NICOLET-INT-02-768x384.jpg 768w, https:\/\/www.bazoarchitecte.com\/wp-content\/uploads\/2024\/10\/NICOLET-INT-02-1536x767.jpg 1536w, https:\/\/www.bazoarchitecte.com\/wp-content\/uploads\/2024\/10\/NICOLET-INT-02-2048x1023.jpg 2048w\" sizes=\"auto, (max-width: 1024px) 100vw, 1024px\" \/>\t\t\t\t\t\t\t\t<\/a>\n\t\t\t\t\t\t\t\t\t\t\t<figcaption class=\"widget-image-caption wp-caption-text\"><\/figcaption>\n\t\t\t\t\t\t\t\t\t\t<\/figure>\n\t\t\t\t\t\t\t\t\t<\/div>\n\t\t\t\t<\/div>\n\t\t\t\t\t<\/div>\n\t\t<\/div>\n\t\t\t\t\t\t\t<\/div>\n\t\t<\/section>\n\t\t\t\t\t<\/div>\n\t\t<\/div>\n\t\t\t\t\t\t\t<\/div>\n\t\t<\/section>\n\t\t\t\t\t\t\t<\/div>\n\t\t","protected":false},"excerpt":{"rendered":"<p>Maison N- 38 Projet de construction d&#8217;une maison individuelle sur deux niveaux et garage situ\u00e9 dans la commune de Crolles dans le d\u00e9partement de l&#8217;Is\u00e8re (38). La maison projet\u00e9e, d&#8217;un style traditionnel avec volumes simples et compacts s&#8217;int\u00e8gre dans l&#8217;environnement et dans le terrain tr\u00e8s en pente de la parcelle.\u00a0 Pour son int\u00e9gration et pour &hellip;<\/p>\n<p class=\"read-more\"> <a class=\"\" href=\"https:\/\/www.bazoarchitecte.com\/index.php\/maison-n-38\/\"> <span class=\"screen-reader-text\">MAISON N-38<\/span> Read More &raquo;<\/a><\/p>\n","protected":false},"author":1,"featured_media":0,"parent":0,"menu_order":0,"comment_status":"closed","ping_status":"closed","template":"","meta":{"footnotes":""},"class_list":["post-2012","page","type-page","status-publish","hentry"],"_links":{"self":[{"href":"https:\/\/www.bazoarchitecte.com\/index.php\/wp-json\/wp\/v2\/pages\/2012","targetHints":{"allow":["GET"]}}],"collection":[{"href":"https:\/\/www.bazoarchitecte.com\/index.php\/wp-json\/wp\/v2\/pages"}],"about":[{"href":"https:\/\/www.bazoarchitecte.com\/index.php\/wp-json\/wp\/v2\/types\/page"}],"author":[{"embeddable":true,"href":"https:\/\/www.bazoarchitecte.com\/index.php\/wp-json\/wp\/v2\/users\/1"}],"replies":[{"embeddable":true,"href":"https:\/\/www.bazoarchitecte.com\/index.php\/wp-json\/wp\/v2\/comments?post=2012"}],"version-history":[{"count":7,"href":"https:\/\/www.bazoarchitecte.com\/index.php\/wp-json\/wp\/v2\/pages\/2012\/revisions"}],"predecessor-version":[{"id":2037,"href":"https:\/\/www.bazoarchitecte.com\/index.php\/wp-json\/wp\/v2\/pages\/2012\/revisions\/2037"}],"wp:attachment":[{"href":"https:\/\/www.bazoarchitecte.com\/index.php\/wp-json\/wp\/v2\/media?parent=2012"}],"curies":[{"name":"wp","href":"https:\/\/api.w.org\/{rel}","templated":true}]}}