{"id":1618,"date":"2023-04-30T16:43:05","date_gmt":"2023-04-30T14:43:05","guid":{"rendered":"http:\/\/www.bazoarchitecte.com\/?page_id=1618"},"modified":"2023-04-30T17:09:41","modified_gmt":"2023-04-30T15:09:41","slug":"lavoisier","status":"publish","type":"page","link":"https:\/\/www.bazoarchitecte.com\/index.php\/lavoisier\/","title":{"rendered":"LAVOISIER"},"content":{"rendered":"\t\t<div data-elementor-type=\"wp-page\" data-elementor-id=\"1618\" class=\"elementor elementor-1618\">\n\t\t\t\t\t\t\t\t\t<section class=\"elementor-section elementor-top-section elementor-element elementor-element-c8b843a elementor-section-boxed elementor-section-height-default elementor-section-height-default\" data-id=\"c8b843a\" data-element_type=\"section\">\n\t\t\t\t\t\t<div class=\"elementor-container elementor-column-gap-default\">\n\t\t\t\t\t<div class=\"elementor-column elementor-col-100 elementor-top-column elementor-element elementor-element-37db2db\" data-id=\"37db2db\" data-element_type=\"column\">\n\t\t\t<div class=\"elementor-widget-wrap elementor-element-populated\">\n\t\t\t\t\t\t\t\t<section class=\"elementor-section elementor-inner-section elementor-element elementor-element-df9bec4 elementor-section-boxed elementor-section-height-default elementor-section-height-default\" data-id=\"df9bec4\" data-element_type=\"section\">\n\t\t\t\t\t\t<div class=\"elementor-container elementor-column-gap-default\">\n\t\t\t\t\t<div class=\"elementor-column elementor-col-50 elementor-inner-column elementor-element elementor-element-74820d3\" data-id=\"74820d3\" data-element_type=\"column\">\n\t\t\t<div class=\"elementor-widget-wrap elementor-element-populated\">\n\t\t\t\t\t\t\t\t<div class=\"elementor-element elementor-element-ce0cab3 elementor-widget elementor-widget-heading\" data-id=\"ce0cab3\" data-element_type=\"widget\" data-widget_type=\"heading.default\">\n\t\t\t\t<div class=\"elementor-widget-container\">\n\t\t\t<style>\/*! elementor - v3.12.2 - 23-04-2023 *\/\n.elementor-heading-title{padding:0;margin:0;line-height:1}.elementor-widget-heading .elementor-heading-title[class*=elementor-size-]>a{color:inherit;font-size:inherit;line-height:inherit}.elementor-widget-heading .elementor-heading-title.elementor-size-small{font-size:15px}.elementor-widget-heading .elementor-heading-title.elementor-size-medium{font-size:19px}.elementor-widget-heading .elementor-heading-title.elementor-size-large{font-size:29px}.elementor-widget-heading .elementor-heading-title.elementor-size-xl{font-size:39px}.elementor-widget-heading .elementor-heading-title.elementor-size-xxl{font-size:59px}<\/style><h1 class=\"elementor-heading-title elementor-size-default\">Lavoisier composites<\/h1>\t\t<\/div>\n\t\t\t\t<\/div>\n\t\t\t\t<div class=\"elementor-element elementor-element-0b3e87f elementor-widget elementor-widget-text-editor\" data-id=\"0b3e87f\" data-element_type=\"widget\" data-widget_type=\"text-editor.default\">\n\t\t\t\t<div class=\"elementor-widget-container\">\n\t\t\t<style>\/*! elementor - v3.12.2 - 23-04-2023 *\/\n.elementor-widget-text-editor.elementor-drop-cap-view-stacked .elementor-drop-cap{background-color:#69727d;color:#fff}.elementor-widget-text-editor.elementor-drop-cap-view-framed .elementor-drop-cap{color:#69727d;border:3px solid;background-color:transparent}.elementor-widget-text-editor:not(.elementor-drop-cap-view-default) .elementor-drop-cap{margin-top:8px}.elementor-widget-text-editor:not(.elementor-drop-cap-view-default) .elementor-drop-cap-letter{width:1em;height:1em}.elementor-widget-text-editor .elementor-drop-cap{float:left;text-align:center;line-height:1;font-size:50px}.elementor-widget-text-editor .elementor-drop-cap-letter{display:inline-block}<\/style>\t\t\t\t<h5><span lang=\"FR\" style=\"font-family: 'Arial','sans-serif'; mso-ansi-language: FR;\">Construction du nouveau si\u00e8ge de la soci\u00e9t\u00e9 Lavoisier Composites \u00e0 Brindas (69).<\/span><\/h5>\n<h5>Le b\u00e2timent est divis\u00e9 en deux parties:<\/h5>\n<h5>Dans la premi\u00e8re partie se concentre l&#8217;activit\u00e9 de bureaux sur 3 \u00e9tages. Pour cr\u00e9er une identit\u00e9 visuelle et donner un caract\u00e8re au b\u00e2timent, trois containers seront install\u00e9s dans la fa\u00e7ade principale, chaque container sera d&#8217;une couleur diff\u00e9rente.&nbsp;<\/h5>\n<h5><span style=\"font-family: Arial, sans-serif;\">La deuxi\u00e8me partie sera o\u00f9 se concentre l&#8217;activit\u00e9 artisanale. La toiture sera de type shed pour \u00e9clairer le b\u00e2timent et rythmer les fa\u00e7ades lat\u00e9rales.<\/span><\/h5>\n<h5>L&#8217;implantation du b\u00e2timent permettre d&#8217;avoir toute la programmation d&#8217;activit\u00e9 artisanale \u00e0 l&#8217;int\u00e9rieur de la parcelle avec l&#8217;acc\u00e8s des camions et voitures, sans \u00eatre perceptible depuis l&#8217;ext\u00e9rieur.<\/h5>\t\t\t\t\t\t<\/div>\n\t\t\t\t<\/div>\n\t\t\t\t<div class=\"elementor-element elementor-element-329bf65 elementor-widget elementor-widget-heading\" data-id=\"329bf65\" data-element_type=\"widget\" data-widget_type=\"heading.default\">\n\t\t\t\t<div class=\"elementor-widget-container\">\n\t\t\t<h6 class=\"elementor-heading-title elementor-size-default\">PLAN DE MASSE<\/h6>\t\t<\/div>\n\t\t\t\t<\/div>\n\t\t\t\t<div class=\"elementor-element elementor-element-bd88371 elementor-widget elementor-widget-image\" data-id=\"bd88371\" data-element_type=\"widget\" data-widget_type=\"image.default\">\n\t\t\t\t<div class=\"elementor-widget-container\">\n\t\t\t<style>\/*! elementor - v3.12.2 - 23-04-2023 *\/\n.elementor-widget-image{text-align:center}.elementor-widget-image a{display:inline-block}.elementor-widget-image a img[src$=\".svg\"]{width:48px}.elementor-widget-image img{vertical-align:middle;display:inline-block}<\/style>\t\t\t\t\t\t\t\t\t<figure class=\"wp-caption\">\n\t\t\t\t\t\t\t\t\t\t\t<a href=\"http:\/\/www.bazoarchitecte.com\/wp-content\/uploads\/2023\/04\/PLAN-DE-MASSE-scaled.jpg\" data-elementor-open-lightbox=\"yes\" data-e-action-hash=\"#elementor-action%3Aaction%3Dlightbox%26settings%3DeyJpZCI6MTYyNCwidXJsIjoiaHR0cHM6XC9cL3d3dy5iYXpvYXJjaGl0ZWN0ZS5jb21cL3dwLWNvbnRlbnRcL3VwbG9hZHNcLzIwMjNcLzA0XC9QTEFOLURFLU1BU1NFLXNjYWxlZC5qcGcifQ%3D%3D\">\n\t\t\t\t\t\t\t<img loading=\"lazy\" decoding=\"async\" width=\"849\" height=\"1024\" src=\"https:\/\/www.bazoarchitecte.com\/wp-content\/uploads\/2023\/04\/PLAN-DE-MASSE-849x1024.jpg\" class=\"attachment-large size-large wp-image-1624\" alt=\"\" srcset=\"https:\/\/www.bazoarchitecte.com\/wp-content\/uploads\/2023\/04\/PLAN-DE-MASSE-849x1024.jpg 849w, https:\/\/www.bazoarchitecte.com\/wp-content\/uploads\/2023\/04\/PLAN-DE-MASSE-249x300.jpg 249w, https:\/\/www.bazoarchitecte.com\/wp-content\/uploads\/2023\/04\/PLAN-DE-MASSE-768x926.jpg 768w, https:\/\/www.bazoarchitecte.com\/wp-content\/uploads\/2023\/04\/PLAN-DE-MASSE-1274x1536.jpg 1274w, https:\/\/www.bazoarchitecte.com\/wp-content\/uploads\/2023\/04\/PLAN-DE-MASSE-1699x2048.jpg 1699w\" sizes=\"auto, (max-width: 849px) 100vw, 849px\" \/>\t\t\t\t\t\t\t\t<\/a>\n\t\t\t\t\t\t\t\t\t\t\t<figcaption class=\"widget-image-caption wp-caption-text\"><\/figcaption>\n\t\t\t\t\t\t\t\t\t\t<\/figure>\n\t\t\t\t\t\t\t\t\t<\/div>\n\t\t\t\t<\/div>\n\t\t\t\t\t<\/div>\n\t\t<\/div>\n\t\t\t\t<div class=\"elementor-column elementor-col-50 elementor-inner-column elementor-element elementor-element-a4fc4a1\" data-id=\"a4fc4a1\" data-element_type=\"column\">\n\t\t\t<div class=\"elementor-widget-wrap elementor-element-populated\">\n\t\t\t\t\t\t\t\t<div class=\"elementor-element elementor-element-f501ec4 elementor-widget elementor-widget-image\" data-id=\"f501ec4\" data-element_type=\"widget\" data-widget_type=\"image.default\">\n\t\t\t\t<div class=\"elementor-widget-container\">\n\t\t\t\t\t\t\t\t\t\t\t\t<figure class=\"wp-caption\">\n\t\t\t\t\t\t\t\t\t\t\t<a href=\"http:\/\/www.bazoarchitecte.com\/wp-content\/uploads\/2023\/04\/LAVOISIER-01-2-scaled.jpg\" data-elementor-open-lightbox=\"yes\" data-e-action-hash=\"#elementor-action%3Aaction%3Dlightbox%26settings%3DeyJpZCI6MTYyMCwidXJsIjoiaHR0cHM6XC9cL3d3dy5iYXpvYXJjaGl0ZWN0ZS5jb21cL3dwLWNvbnRlbnRcL3VwbG9hZHNcLzIwMjNcLzA0XC9MQVZPSVNJRVItMDEtMi1zY2FsZWQuanBnIn0%3D\">\n\t\t\t\t\t\t\t<img loading=\"lazy\" decoding=\"async\" width=\"1024\" height=\"478\" src=\"https:\/\/www.bazoarchitecte.com\/wp-content\/uploads\/2023\/04\/LAVOISIER-01-2-1024x478.jpg\" class=\"attachment-large size-large wp-image-1620\" alt=\"\" srcset=\"https:\/\/www.bazoarchitecte.com\/wp-content\/uploads\/2023\/04\/LAVOISIER-01-2-1024x478.jpg 1024w, https:\/\/www.bazoarchitecte.com\/wp-content\/uploads\/2023\/04\/LAVOISIER-01-2-300x140.jpg 300w, https:\/\/www.bazoarchitecte.com\/wp-content\/uploads\/2023\/04\/LAVOISIER-01-2-768x359.jpg 768w, https:\/\/www.bazoarchitecte.com\/wp-content\/uploads\/2023\/04\/LAVOISIER-01-2-1536x717.jpg 1536w, https:\/\/www.bazoarchitecte.com\/wp-content\/uploads\/2023\/04\/LAVOISIER-01-2-2048x956.jpg 2048w\" sizes=\"auto, (max-width: 1024px) 100vw, 1024px\" \/>\t\t\t\t\t\t\t\t<\/a>\n\t\t\t\t\t\t\t\t\t\t\t<figcaption class=\"widget-image-caption wp-caption-text\"><\/figcaption>\n\t\t\t\t\t\t\t\t\t\t<\/figure>\n\t\t\t\t\t\t\t\t\t<\/div>\n\t\t\t\t<\/div>\n\t\t\t\t<div class=\"elementor-element elementor-element-f986bf5 elementor-widget elementor-widget-image\" data-id=\"f986bf5\" data-element_type=\"widget\" data-widget_type=\"image.default\">\n\t\t\t\t<div class=\"elementor-widget-container\">\n\t\t\t\t\t\t\t\t\t\t\t\t<figure class=\"wp-caption\">\n\t\t\t\t\t\t\t\t\t\t\t<a href=\"http:\/\/www.bazoarchitecte.com\/wp-content\/uploads\/2023\/04\/LAVOISIER-02-2-scaled.jpg\" data-elementor-open-lightbox=\"yes\" data-e-action-hash=\"#elementor-action%3Aaction%3Dlightbox%26settings%3DeyJpZCI6MTYyMiwidXJsIjoiaHR0cHM6XC9cL3d3dy5iYXpvYXJjaGl0ZWN0ZS5jb21cL3dwLWNvbnRlbnRcL3VwbG9hZHNcLzIwMjNcLzA0XC9MQVZPSVNJRVItMDItMi1zY2FsZWQuanBnIn0%3D\">\n\t\t\t\t\t\t\t<img loading=\"lazy\" decoding=\"async\" width=\"1024\" height=\"478\" src=\"https:\/\/www.bazoarchitecte.com\/wp-content\/uploads\/2023\/04\/LAVOISIER-02-2-1024x478.jpg\" class=\"attachment-large size-large wp-image-1622\" alt=\"\" srcset=\"https:\/\/www.bazoarchitecte.com\/wp-content\/uploads\/2023\/04\/LAVOISIER-02-2-1024x478.jpg 1024w, https:\/\/www.bazoarchitecte.com\/wp-content\/uploads\/2023\/04\/LAVOISIER-02-2-300x140.jpg 300w, https:\/\/www.bazoarchitecte.com\/wp-content\/uploads\/2023\/04\/LAVOISIER-02-2-768x359.jpg 768w, https:\/\/www.bazoarchitecte.com\/wp-content\/uploads\/2023\/04\/LAVOISIER-02-2-1536x717.jpg 1536w, https:\/\/www.bazoarchitecte.com\/wp-content\/uploads\/2023\/04\/LAVOISIER-02-2-2048x956.jpg 2048w\" sizes=\"auto, (max-width: 1024px) 100vw, 1024px\" \/>\t\t\t\t\t\t\t\t<\/a>\n\t\t\t\t\t\t\t\t\t\t\t<figcaption class=\"widget-image-caption wp-caption-text\"><\/figcaption>\n\t\t\t\t\t\t\t\t\t\t<\/figure>\n\t\t\t\t\t\t\t\t\t<\/div>\n\t\t\t\t<\/div>\n\t\t\t\t<div class=\"elementor-element elementor-element-ee3006c elementor-widget elementor-widget-image\" data-id=\"ee3006c\" data-element_type=\"widget\" data-widget_type=\"image.default\">\n\t\t\t\t<div class=\"elementor-widget-container\">\n\t\t\t\t\t\t\t\t\t\t\t\t<figure class=\"wp-caption\">\n\t\t\t\t\t\t\t\t\t\t\t<a href=\"http:\/\/www.bazoarchitecte.com\/wp-content\/uploads\/2023\/04\/LAVOISIER-03-2-scaled.jpg\" data-elementor-open-lightbox=\"yes\" data-e-action-hash=\"#elementor-action%3Aaction%3Dlightbox%26settings%3DeyJpZCI6MTYyMywidXJsIjoiaHR0cHM6XC9cL3d3dy5iYXpvYXJjaGl0ZWN0ZS5jb21cL3dwLWNvbnRlbnRcL3VwbG9hZHNcLzIwMjNcLzA0XC9MQVZPSVNJRVItMDMtMi1zY2FsZWQuanBnIn0%3D\">\n\t\t\t\t\t\t\t<img loading=\"lazy\" decoding=\"async\" width=\"1024\" height=\"478\" src=\"https:\/\/www.bazoarchitecte.com\/wp-content\/uploads\/2023\/04\/LAVOISIER-03-2-1024x478.jpg\" class=\"attachment-large size-large wp-image-1623\" alt=\"\" srcset=\"https:\/\/www.bazoarchitecte.com\/wp-content\/uploads\/2023\/04\/LAVOISIER-03-2-1024x478.jpg 1024w, https:\/\/www.bazoarchitecte.com\/wp-content\/uploads\/2023\/04\/LAVOISIER-03-2-300x140.jpg 300w, https:\/\/www.bazoarchitecte.com\/wp-content\/uploads\/2023\/04\/LAVOISIER-03-2-768x359.jpg 768w, https:\/\/www.bazoarchitecte.com\/wp-content\/uploads\/2023\/04\/LAVOISIER-03-2-1536x717.jpg 1536w, https:\/\/www.bazoarchitecte.com\/wp-content\/uploads\/2023\/04\/LAVOISIER-03-2-2048x956.jpg 2048w\" sizes=\"auto, (max-width: 1024px) 100vw, 1024px\" \/>\t\t\t\t\t\t\t\t<\/a>\n\t\t\t\t\t\t\t\t\t\t\t<figcaption class=\"widget-image-caption wp-caption-text\"><\/figcaption>\n\t\t\t\t\t\t\t\t\t\t<\/figure>\n\t\t\t\t\t\t\t\t\t<\/div>\n\t\t\t\t<\/div>\n\t\t\t\t<div class=\"elementor-element elementor-element-3c63063 elementor-widget elementor-widget-image\" data-id=\"3c63063\" data-element_type=\"widget\" data-widget_type=\"image.default\">\n\t\t\t\t<div class=\"elementor-widget-container\">\n\t\t\t\t\t\t\t\t\t\t\t\t<figure class=\"wp-caption\">\n\t\t\t\t\t\t\t\t\t\t\t<a href=\"http:\/\/www.bazoarchitecte.com\/wp-content\/uploads\/2023\/04\/PERRSP-01-2-scaled.jpg\" data-elementor-open-lightbox=\"yes\" data-e-action-hash=\"#elementor-action%3Aaction%3Dlightbox%26settings%3DeyJpZCI6MTYyMSwidXJsIjoiaHR0cHM6XC9cL3d3dy5iYXpvYXJjaGl0ZWN0ZS5jb21cL3dwLWNvbnRlbnRcL3VwbG9hZHNcLzIwMjNcLzA0XC9QRVJSU1AtMDEtMi1zY2FsZWQuanBnIn0%3D\">\n\t\t\t\t\t\t\t<img loading=\"lazy\" decoding=\"async\" width=\"1024\" height=\"567\" src=\"https:\/\/www.bazoarchitecte.com\/wp-content\/uploads\/2023\/04\/PERRSP-01-2-1024x567.jpg\" class=\"attachment-large size-large wp-image-1621\" alt=\"\" srcset=\"https:\/\/www.bazoarchitecte.com\/wp-content\/uploads\/2023\/04\/PERRSP-01-2-1024x567.jpg 1024w, https:\/\/www.bazoarchitecte.com\/wp-content\/uploads\/2023\/04\/PERRSP-01-2-300x166.jpg 300w, https:\/\/www.bazoarchitecte.com\/wp-content\/uploads\/2023\/04\/PERRSP-01-2-768x425.jpg 768w, https:\/\/www.bazoarchitecte.com\/wp-content\/uploads\/2023\/04\/PERRSP-01-2-1536x851.jpg 1536w, https:\/\/www.bazoarchitecte.com\/wp-content\/uploads\/2023\/04\/PERRSP-01-2-2048x1134.jpg 2048w\" sizes=\"auto, (max-width: 1024px) 100vw, 1024px\" \/>\t\t\t\t\t\t\t\t<\/a>\n\t\t\t\t\t\t\t\t\t\t\t<figcaption class=\"widget-image-caption wp-caption-text\"><\/figcaption>\n\t\t\t\t\t\t\t\t\t\t<\/figure>\n\t\t\t\t\t\t\t\t\t<\/div>\n\t\t\t\t<\/div>\n\t\t\t\t\t<\/div>\n\t\t<\/div>\n\t\t\t\t\t\t\t<\/div>\n\t\t<\/section>\n\t\t\t\t\t<\/div>\n\t\t<\/div>\n\t\t\t\t\t\t\t<\/div>\n\t\t<\/section>\n\t\t\t\t\t\t\t<\/div>\n\t\t","protected":false},"excerpt":{"rendered":"<p>Lavoisier composites Construction du nouveau si\u00e8ge de la soci\u00e9t\u00e9 Lavoisier Composites \u00e0 Brindas (69). Le b\u00e2timent est divis\u00e9 en deux parties: Dans la premi\u00e8re partie se concentre l&#8217;activit\u00e9 de bureaux sur 3 \u00e9tages. Pour cr\u00e9er une identit\u00e9 visuelle et donner un caract\u00e8re au b\u00e2timent, trois containers seront install\u00e9s dans la fa\u00e7ade principale, chaque container sera &hellip;<\/p>\n<p class=\"read-more\"> <a class=\"\" href=\"https:\/\/www.bazoarchitecte.com\/index.php\/lavoisier\/\"> <span class=\"screen-reader-text\">LAVOISIER<\/span> Read More &raquo;<\/a><\/p>\n","protected":false},"author":1,"featured_media":0,"parent":0,"menu_order":0,"comment_status":"closed","ping_status":"closed","template":"","meta":{"footnotes":""},"class_list":["post-1618","page","type-page","status-publish","hentry"],"_links":{"self":[{"href":"https:\/\/www.bazoarchitecte.com\/index.php\/wp-json\/wp\/v2\/pages\/1618","targetHints":{"allow":["GET"]}}],"collection":[{"href":"https:\/\/www.bazoarchitecte.com\/index.php\/wp-json\/wp\/v2\/pages"}],"about":[{"href":"https:\/\/www.bazoarchitecte.com\/index.php\/wp-json\/wp\/v2\/types\/page"}],"author":[{"embeddable":true,"href":"https:\/\/www.bazoarchitecte.com\/index.php\/wp-json\/wp\/v2\/users\/1"}],"replies":[{"embeddable":true,"href":"https:\/\/www.bazoarchitecte.com\/index.php\/wp-json\/wp\/v2\/comments?post=1618"}],"version-history":[{"count":16,"href":"https:\/\/www.bazoarchitecte.com\/index.php\/wp-json\/wp\/v2\/pages\/1618\/revisions"}],"predecessor-version":[{"id":1650,"href":"https:\/\/www.bazoarchitecte.com\/index.php\/wp-json\/wp\/v2\/pages\/1618\/revisions\/1650"}],"wp:attachment":[{"href":"https:\/\/www.bazoarchitecte.com\/index.php\/wp-json\/wp\/v2\/media?parent=1618"}],"curies":[{"name":"wp","href":"https:\/\/api.w.org\/{rel}","templated":true}]}}