{"id":109,"date":"2020-12-06T10:19:41","date_gmt":"2020-12-06T09:19:41","guid":{"rendered":"http:\/\/www.bazoarchitecte.com\/?page_id=109"},"modified":"2026-01-31T16:52:56","modified_gmt":"2026-01-31T15:52:56","slug":"agence","status":"publish","type":"page","link":"https:\/\/www.bazoarchitecte.com\/index.php\/agence\/","title":{"rendered":"Agence"},"content":{"rendered":"\t\t<div data-elementor-type=\"wp-page\" data-elementor-id=\"109\" class=\"elementor elementor-109\">\n\t\t\t\t\t\t\t\t\t<section class=\"elementor-section elementor-top-section elementor-element elementor-element-988147b elementor-section-items-top elementor-section-height-full elementor-section-content-middle elementor-section-boxed elementor-section-height-default\" data-id=\"988147b\" data-element_type=\"section\">\n\t\t\t\t\t\t<div class=\"elementor-container elementor-column-gap-default\">\n\t\t\t\t\t<div class=\"elementor-column elementor-col-50 elementor-top-column elementor-element elementor-element-a0b2764\" data-id=\"a0b2764\" data-element_type=\"column\">\n\t\t\t<div class=\"elementor-widget-wrap elementor-element-populated\">\n\t\t\t\t\t\t\t\t<div class=\"elementor-element elementor-element-d9d5a09 elementor-widget elementor-widget-image\" data-id=\"d9d5a09\" data-element_type=\"widget\" data-widget_type=\"image.default\">\n\t\t\t\t<div class=\"elementor-widget-container\">\n\t\t\t<style>\/*! elementor - v3.12.2 - 23-04-2023 *\/\n.elementor-widget-image{text-align:center}.elementor-widget-image a{display:inline-block}.elementor-widget-image a img[src$=\".svg\"]{width:48px}.elementor-widget-image img{vertical-align:middle;display:inline-block}<\/style>\t\t\t\t\t\t\t\t\t\t\t\t<img loading=\"lazy\" decoding=\"async\" width=\"2560\" height=\"1920\" src=\"https:\/\/www.bazoarchitecte.com\/wp-content\/uploads\/2021\/05\/AGENCE-02-scaled.jpg\" class=\"attachment-full size-full wp-image-820\" alt=\"\" srcset=\"https:\/\/www.bazoarchitecte.com\/wp-content\/uploads\/2021\/05\/AGENCE-02-scaled.jpg 2560w, https:\/\/www.bazoarchitecte.com\/wp-content\/uploads\/2021\/05\/AGENCE-02-300x225.jpg 300w, https:\/\/www.bazoarchitecte.com\/wp-content\/uploads\/2021\/05\/AGENCE-02-1024x768.jpg 1024w, https:\/\/www.bazoarchitecte.com\/wp-content\/uploads\/2021\/05\/AGENCE-02-768x576.jpg 768w, https:\/\/www.bazoarchitecte.com\/wp-content\/uploads\/2021\/05\/AGENCE-02-1536x1152.jpg 1536w, https:\/\/www.bazoarchitecte.com\/wp-content\/uploads\/2021\/05\/AGENCE-02-2048x1536.jpg 2048w\" sizes=\"auto, (max-width: 2560px) 100vw, 2560px\" \/>\t\t\t\t\t\t\t\t\t\t\t\t\t\t\t<\/div>\n\t\t\t\t<\/div>\n\t\t\t\t\t<\/div>\n\t\t<\/div>\n\t\t\t\t<div class=\"elementor-column elementor-col-50 elementor-top-column elementor-element elementor-element-b0658b1\" data-id=\"b0658b1\" data-element_type=\"column\">\n\t\t\t<div class=\"elementor-widget-wrap elementor-element-populated\">\n\t\t\t\t\t\t\t\t<div class=\"elementor-element elementor-element-9cc5bd1 elementor-widget elementor-widget-heading\" data-id=\"9cc5bd1\" data-element_type=\"widget\" data-widget_type=\"heading.default\">\n\t\t\t\t<div class=\"elementor-widget-container\">\n\t\t\t<style>\/*! elementor - v3.12.2 - 23-04-2023 *\/\n.elementor-heading-title{padding:0;margin:0;line-height:1}.elementor-widget-heading .elementor-heading-title[class*=elementor-size-]>a{color:inherit;font-size:inherit;line-height:inherit}.elementor-widget-heading .elementor-heading-title.elementor-size-small{font-size:15px}.elementor-widget-heading .elementor-heading-title.elementor-size-medium{font-size:19px}.elementor-widget-heading .elementor-heading-title.elementor-size-large{font-size:29px}.elementor-widget-heading .elementor-heading-title.elementor-size-xl{font-size:39px}.elementor-widget-heading .elementor-heading-title.elementor-size-xxl{font-size:59px}<\/style><h1 class=\"elementor-heading-title elementor-size-default\">Agence d'architecture<\/h1>\t\t<\/div>\n\t\t\t\t<\/div>\n\t\t\t\t<div class=\"elementor-element elementor-element-731b816 elementor-widget elementor-widget-text-editor\" data-id=\"731b816\" data-element_type=\"widget\" data-widget_type=\"text-editor.default\">\n\t\t\t\t<div class=\"elementor-widget-container\">\n\t\t\t<style>\/*! elementor - v3.12.2 - 23-04-2023 *\/\n.elementor-widget-text-editor.elementor-drop-cap-view-stacked .elementor-drop-cap{background-color:#69727d;color:#fff}.elementor-widget-text-editor.elementor-drop-cap-view-framed .elementor-drop-cap{color:#69727d;border:3px solid;background-color:transparent}.elementor-widget-text-editor:not(.elementor-drop-cap-view-default) .elementor-drop-cap{margin-top:8px}.elementor-widget-text-editor:not(.elementor-drop-cap-view-default) .elementor-drop-cap-letter{width:1em;height:1em}.elementor-widget-text-editor .elementor-drop-cap{float:left;text-align:center;line-height:1;font-size:50px}.elementor-widget-text-editor .elementor-drop-cap-letter{display:inline-block}<\/style>\t\t\t\t<h5><span lang=\"FR\" style=\"font-size: 11.5pt; font-family: Arial, sans-serif;\">Nous sommes, BAZO Architecte, une agence d&#8217;architecture situ\u00e9e \u00e0 Villeurbanne dans la m\u00e9tropole lyonnaise, fond\u00e9e et dirig\u00e9e par <b>Alberto Jim\u00e9nez-Bazo<\/b>, architecte HMONP.\u00a0<\/span><\/h5>\t\t\t\t\t\t<\/div>\n\t\t\t\t<\/div>\n\t\t\t\t<div class=\"elementor-element elementor-element-7eb0fca elementor-widget elementor-widget-text-editor\" data-id=\"7eb0fca\" data-element_type=\"widget\" data-widget_type=\"text-editor.default\">\n\t\t\t\t<div class=\"elementor-widget-container\">\n\t\t\t\t\t\t\t<h5>Etablie dans une ancienne menuiserie, enti\u00e8rement transform\u00e9e et r\u00e9nov\u00e9e dans le quartier des Charmettes, l&#8217;agence travaille sur des projets divers de construction, r\u00e9novation ou extensions des maisons individuelles, r\u00e9novation des appartements et des locaux commerciaux ou la construction des b\u00e2timents industriels.<\/h5>\t\t\t\t\t\t<\/div>\n\t\t\t\t<\/div>\n\t\t\t\t<div class=\"elementor-element elementor-element-af55036 elementor-widget elementor-widget-heading\" data-id=\"af55036\" data-element_type=\"widget\" data-widget_type=\"heading.default\">\n\t\t\t\t<div class=\"elementor-widget-container\">\n\t\t\t<h4 class=\"elementor-heading-title elementor-size-default\"><b>Philosophie de l'agence: \u00e9coute et proximit\u00e9<\/b><\/h4>\t\t<\/div>\n\t\t\t\t<\/div>\n\t\t\t\t<div class=\"elementor-element elementor-element-39be120 elementor-widget elementor-widget-text-editor\" data-id=\"39be120\" data-element_type=\"widget\" data-widget_type=\"text-editor.default\">\n\t\t\t\t<div class=\"elementor-widget-container\">\n\t\t\t\t\t\t\t<h5><span style=\"font-family: Arial, sans-serif;\"><span style=\"font-size: 15.3333px;\">A l&#8217;\u00e9coute de vos besoins, nous vous accompagnons \u00e0 chaque \u00e9tape de votre projet, de la conception \u00e0 la construction. Ensemble, nous concevons une architecture en parfaite ad\u00e9quation avec vos attentes et vos envies, afin de donner vie \u00e0 un projet unique.<\/span><\/span><\/h5>\t\t\t\t\t\t<\/div>\n\t\t\t\t<\/div>\n\t\t\t\t\t<\/div>\n\t\t<\/div>\n\t\t\t\t\t\t\t<\/div>\n\t\t<\/section>\n\t\t\t\t\t\t\t<\/div>\n\t\t","protected":false},"excerpt":{"rendered":"<p>Agence d&#8217;architecture Nous sommes, BAZO Architecte, une agence d&#8217;architecture situ\u00e9e \u00e0 Villeurbanne dans la m\u00e9tropole lyonnaise, fond\u00e9e et dirig\u00e9e par Alberto Jim\u00e9nez-Bazo, architecte HMONP.\u00a0 Etablie dans une ancienne menuiserie, enti\u00e8rement transform\u00e9e et r\u00e9nov\u00e9e dans le quartier des Charmettes, l&#8217;agence travaille sur des projets divers de construction, r\u00e9novation ou extensions des maisons individuelles, r\u00e9novation des appartements &hellip;<\/p>\n<p class=\"read-more\"> <a class=\"\" href=\"https:\/\/www.bazoarchitecte.com\/index.php\/agence\/\"> <span class=\"screen-reader-text\">Agence<\/span> Read More &raquo;<\/a><\/p>\n","protected":false},"author":1,"featured_media":0,"parent":0,"menu_order":0,"comment_status":"closed","ping_status":"closed","template":"elementor_header_footer","meta":{"footnotes":""},"class_list":["post-109","page","type-page","status-publish","hentry"],"_links":{"self":[{"href":"https:\/\/www.bazoarchitecte.com\/index.php\/wp-json\/wp\/v2\/pages\/109","targetHints":{"allow":["GET"]}}],"collection":[{"href":"https:\/\/www.bazoarchitecte.com\/index.php\/wp-json\/wp\/v2\/pages"}],"about":[{"href":"https:\/\/www.bazoarchitecte.com\/index.php\/wp-json\/wp\/v2\/types\/page"}],"author":[{"embeddable":true,"href":"https:\/\/www.bazoarchitecte.com\/index.php\/wp-json\/wp\/v2\/users\/1"}],"replies":[{"embeddable":true,"href":"https:\/\/www.bazoarchitecte.com\/index.php\/wp-json\/wp\/v2\/comments?post=109"}],"version-history":[{"count":112,"href":"https:\/\/www.bazoarchitecte.com\/index.php\/wp-json\/wp\/v2\/pages\/109\/revisions"}],"predecessor-version":[{"id":2308,"href":"https:\/\/www.bazoarchitecte.com\/index.php\/wp-json\/wp\/v2\/pages\/109\/revisions\/2308"}],"wp:attachment":[{"href":"https:\/\/www.bazoarchitecte.com\/index.php\/wp-json\/wp\/v2\/media?parent=109"}],"curies":[{"name":"wp","href":"https:\/\/api.w.org\/{rel}","templated":true}]}}